{"id":4204,"date":"2023-09-29T20:56:01","date_gmt":"2023-09-30T03:56:01","guid":{"rendered":"https:\/\/nanoone.ca\/disclaimer\/"},"modified":"2024-01-23T14:04:26","modified_gmt":"2024-01-23T22:04:26","slug":"disclaimer","status":"publish","type":"page","link":"https:\/\/nanoone.ca\/fr\/disclaimer\/","title":{"rendered":"Avis de non-responsabilit\u00e9\u00a0"},"content":{"rendered":"\r\n<div  class=\"page-hero alignfull\"  id=\"block_19c624c38eff6aa88594a6ac1d604111\"  data-color-scheme=\"dark\" data-content-width=\"secondary\">\r\n\t                        <div class=\"page-hero-media\">\r\n            <div class=\"page-hero-image\">\r\n\t\t\t\t<img decoding=\"async\" width=\"2048\" height=\"1024\" data-src=\"https:\/\/nanoone.ca\/wp-content\/uploads\/2023\/11\/background-2.jpg\" class=\"attachment-full size-full lazyload\" alt=\"\" data-srcset=\"https:\/\/nanoone.ca\/wp-content\/uploads\/2023\/11\/background-2.jpg 2048w, https:\/\/nanoone.ca\/wp-content\/uploads\/2023\/11\/background-2-300x150.jpg 300w, https:\/\/nanoone.ca\/wp-content\/uploads\/2023\/11\/background-2-1024x512.jpg 1024w, https:\/\/nanoone.ca\/wp-content\/uploads\/2023\/11\/background-2-768x384.jpg 768w, https:\/\/nanoone.ca\/wp-content\/uploads\/2023\/11\/background-2-1536x768.jpg 1536w\" data-sizes=\"(max-width: 2048px) 100vw, 2048px\" src=\"data:image\/svg+xml;base64,PHN2ZyB3aWR0aD0iMSIgaGVpZ2h0PSIxIiB4bWxucz0iaHR0cDovL3d3dy53My5vcmcvMjAwMC9zdmciPjwvc3ZnPg==\" style=\"--smush-placeholder-width: 2048px; --smush-placeholder-aspect-ratio: 2048\/1024;\" \/>            <\/div>\r\n        <\/div>\r\n            \t<div class=\"page-hero-wrapper\">\r\n\t\t<div class=\"page-hero-inner\">\r\n\t\t\t\t\t\t<ul class=\"page-hero-breadcrumbs\">\r\n\t\t\t\t\t\t\t\t\t\t\t\t\t\t<li>\r\n\t\t\t\t\t\t\t\t\t\t\t\t\t\r\n\t\t\t\t\t\t\t\t\t\t\t\t\t\t<a href=\"https:\/\/nanoone.ca\/fr\/\" target=\"_self\" aria-label=\"Accueil\">\r\n\t\t\t\t\t\t\t\tAccueil\t\t\t\t\t\t\t<\/a>\r\n\t\t\t\t\t\t\t\t\t\t\t\t\t\t\t\t\t\t<\/li>\r\n\t\t\t\t\t\t\t\t\t\t\t\t\t\t<li>\r\n\t\t\t\t\t\t\t\t\t\t\t\t<span>\r\n\t\t\t\t\t\t\tAvis de non-responsabilit\u00e9\u00a0\t\t\t\t\t\t<\/span>\r\n\t\t\t\t\t\t\t\t\t\t\t<\/li>\r\n\t\t\t\t\t\t\t<\/ul>\r\n\t\t\t\r\n\t\t\t\r\n\t\t\t\t\t\t<h1 class=\"page-hero-title\">\r\n\t\t\t\tAvis de non-responsabilit\u00e9\u00a0\n\t\t\t<\/h1>\r\n\t\t\t\r\n\t\t\t\r\n\t\t\t\t\t<\/div>\r\n\t<\/div>\r\n<\/div>\r\n\n\n\n<h2 class=\"wp-block-heading\">Mise en garde&nbsp;<\/h2>\n\n\n\n<p>Toute information externe menant \u00e0 un site Web ou \u00e0 un article est fournie \u00e0 titre d\u2019information uniquement et ne constitue pas une offre ou une sollicitation de vente d\u2019actions ou de titres de Nano One Materials Corp. (\u00ab\u202fNano One\u202f\u00bb ou la \u00ab\u202fSoci\u00e9t\u00e9\u202f\u00bb) ou de toute autre soci\u00e9t\u00e9 li\u00e9e ou associ\u00e9e. Aucune des informations ou analyses pr\u00e9sent\u00e9es n\u2019est destin\u00e9e \u00e0 servir de base \u00e0 une d\u00e9cision d\u2019investissement, et aucune recommandation sp\u00e9cifique n\u2019est pr\u00e9vue. Par cons\u00e9quent, ce site Web ne constitue pas un avis ou un conseil en mati\u00e8re d\u2019investissement, ni une sollicitation d\u2019investissement dans un titre quelconque. Ce site Web ne constitue pas une offre de vente ou de souscription, ou une invitation \u00e0 acheter ou \u00e0 souscrire des titres, ne fait pas partie d\u2019une telle offre et ne doit pas \u00eatre interpr\u00e9t\u00e9 comme tel, et ne doit pas servir de base, en tout ou en partie, \u00e0 un contrat ou \u00e0 un engagement de quelque nature que ce soit.&nbsp;<\/p>\n\n\n\n<h3 class=\"wp-block-heading\">Exclusion de responsabilit\u00e9&nbsp;<\/h3>\n\n\n\n<p>La Soci\u00e9t\u00e9 d\u00e9cline express\u00e9ment toute responsabilit\u00e9 en cas de perte ou de dommage direct ou cons\u00e9cutif, de quelque nature que ce soit, r\u00e9sultant directement ou indirectement de\u202f: (i) l\u2019interpr\u00e9tation ou l\u2019utilisation de toute information contenue sur le site Web, ou de la confiance qui lui a \u00e9t\u00e9 accord\u00e9e, (ii) toute inexactitude, omission ou erreur typographique contenue dans ces informations ou de l\u2019incapacit\u00e9 \u00e0 maintenir les informations \u00e0 jour (sauf si les lois sur les valeurs mobili\u00e8res l\u2019exigent); ou (iii) de toute action qui en r\u00e9sulterait.&nbsp;<\/p>\n\n\n\n<h3 class=\"wp-block-heading\"><strong>D\u00e9clarations prospectives&nbsp;<\/strong><\/h3>\n\n\n\n<p>Certaines informations contenues sur ce site Web (et dans les vid\u00e9os de ce site Web) constituent des \u00ab\u202finformations prospectives\u202f\u00bb et des \u00ab\u202fd\u00e9clarations prospectives\u202f\u00bb au sens de la l\u00e9gislation canadienne applicable en mati\u00e8re de valeurs mobili\u00e8res et de la <em>Private Securities Litigation Reform Act<\/em> de\u202f1995 et des hypoth\u00e8ses concernant, entre autres, les activit\u00e9s, les op\u00e9rations, la situation financi\u00e8re et la performance de Nano One, qui impliquent des risques et des incertitudes. Les informations prospectives et ces hypoth\u00e8ses comprennent, entre autres, des d\u00e9clarations relatives \u00e0 la commercialisation de la technologie et des brevets de la soci\u00e9t\u00e9, aux risques li\u00e9s aux conditions financi\u00e8res mondiales actuelles, aux retards dans l\u2019obtention de financements, aux objectifs de Nano One et aux strat\u00e9gies permettant d\u2019atteindre ces objectifs, ainsi qu\u2019aux croyances, plans, attentes, anticipations, estimations ou intentions raisonnables de la soci\u00e9t\u00e9.&nbsp;<\/p>\n\n\n\n<p>Toutes les d\u00e9clarations, autres que les d\u00e9clarations de faits historiques, qui traitent de circonstances, d\u2019\u00e9v\u00e9nements, d\u2019activit\u00e9s ou de d\u00e9veloppements qui pourraient se produire, ou qui se produiront, sont des d\u00e9clarations prospectives. En g\u00e9n\u00e9ral, les informations prospectives peuvent \u00eatre identifi\u00e9es par l\u2019utilisation d\u2019une terminologie prospective telle que \u00ab\u202fanticiper\u202f\u00bb, \u00ab\u202fpourrait\u202f\u00bb, \u00ab\u202festimer\u202f\u00bb, \u00ab\u202fs\u2019attendre \u00e0\u202f\u00bb, \u00ab\u202fpr\u00e9voir\u202f\u00bb, \u00ab\u202ffutur\u202f\u00bb, \u00ab\u202fplanifier\u202f\u00bb, \u00ab\u202fpossible\u202f\u00bb, \u00ab\u202fpotentiel\u202f\u00bb, ou des variations de ces mots et expressions ou des d\u00e9clarations selon lesquelles certaines actions, certains \u00e9v\u00e9nements ou certains r\u00e9sultats \u00ab\u202fpourraient\u202f\u00bb, \u00ab\u202fpeuvent\u202f\u00bb ou \u00ab\u202fvont\u202f\u00bb se produire. Les d\u00e9clarations prospectives sont bas\u00e9es sur les opinions et les estimations de la direction \u00e0 la date de ces d\u00e9clarations et sont soumises \u00e0 des risques connus et inconnus, \u00e0 des incertitudes et \u00e0 d\u2019autres facteurs qui pourraient faire en sorte que les r\u00e9sultats r\u00e9els, le niveau d\u2019activit\u00e9, les performances ou les r\u00e9alisations de la soci\u00e9t\u00e9 soient mat\u00e9riellement diff\u00e9rents de ceux exprim\u00e9s ou sous-entendus par ces d\u00e9clarations prospectives ou informations prospectives, y compris, mais sans s\u2019y limiter\u202f: le cyclisme, la charge, la capacit\u00e9, les march\u00e9s cibles, les r\u00e9ductions de co\u00fbts cibles, les partenaires cibles, les d\u00e9penses d\u2019investissement, les mati\u00e8res premi\u00e8res et autres co\u00fbts, et les besoins de financement et de capitaux suppl\u00e9mentaires.&nbsp;<\/p>\n\n\n\n<p>Bien que la direction de la Soci\u00e9t\u00e9 ait tent\u00e9 de cerner les facteurs importants qui pourraient faire en sorte que les r\u00e9sultats r\u00e9els diff\u00e8rent mat\u00e9riellement de ceux contenus dans les \u00e9nonc\u00e9s prospectifs ou les informations prospectives, d\u2019autres facteurs peuvent faire en sorte que les r\u00e9sultats ne soient pas conformes aux pr\u00e9visions, aux estimations ou aux intentions. Rien ne garantit que ces d\u00e9clarations se r\u00e9v\u00e9leront exactes, car les r\u00e9sultats r\u00e9els et les \u00e9v\u00e9nements futurs pourraient \u00eatre tr\u00e8s diff\u00e9rents de ceux qui sont anticip\u00e9s dans ces d\u00e9clarations. Pour obtenir plus de renseignements sur les risques et les incertitudes concernant Nano One , il est possible de consulter le rapport de gestion de la Soci\u00e9t\u00e9 figurant dans les derniers rapports annuels et trimestriels de la Soci\u00e9t\u00e9, ainsi que dans d\u2019autres documents d\u2019information d\u00e9pos\u00e9s r\u00e9guli\u00e8rement aupr\u00e8s des autorit\u00e9s canadiennes de r\u00e9glementation des valeurs mobili\u00e8res. En cons\u00e9quence, les lecteurs ne doivent pas accorder une confiance excessive aux d\u00e9clarations et informations prospectives. Nano One d\u00e9cline toute intention de mettre \u00e0 jour l\u2019une ou l\u2019autre des d\u00e9clarations ou informations prospectives qui sont int\u00e9gr\u00e9es aux pr\u00e9sentes par renvoi, sauf si les lois sur les valeurs mobili\u00e8res applicables l\u2019exigent.&nbsp;<\/p>\n\n\n\n<p>Nano One avertit express\u00e9ment les lecteurs de ne pas se fier aux informations contenues dans le pr\u00e9sent document \u00e0 des fins d\u2019investissement ou \u00e0 des fins connexes. En cons\u00e9quence, toute utilisation de ces informations se fait au risque du lecteur et Nano One se d\u00e9gage de toute responsabilit\u00e9 \u00e0 cet \u00e9gard. Les informations contenues dans le pr\u00e9sent document ne doivent pas \u00eatre interpr\u00e9t\u00e9es comme une offre ou une sollicitation publique ou priv\u00e9e d\u2019achat de titres du capital-actions de Nano One. Le lecteur est invit\u00e9 \u00e0 consulter son conseiller en investissement avant d\u2019investir dans les titres de Nano One ou de prendre des d\u00e9cisions connexes.&nbsp;<\/p>\n\n\n\n<p>Les documents d\u2019information continue d\u00e9pos\u00e9s par Nano One en vertu de la r\u00e9glementation canadienne sur les valeurs mobili\u00e8res sont disponibles sur le Syst\u00e8me \u00e9lectronique de donn\u00e9es, d\u2019analyse et de recherche (SEDAR) \u00e0 l\u2019adresse <a href=\"http:\/\/www.sedarplus.ca\">www.sedarplus.ca<\/a>.&nbsp;<\/p>\n\n\n\n<p>Des exemplaires imprim\u00e9s des documents d\u2019information publique peuvent \u00eatre obtenus gratuitement en contactant la Soci\u00e9t\u00e9 \u00e0\u202f: <a href=\"mailto:info@nanoone.ca\">info@nanoone.ca<\/a>.&nbsp;<\/p>\n","protected":false},"excerpt":{"rendered":"<p>Mise en garde&nbsp; Toute information externe menant \u00e0 un site Web ou \u00e0 un article est fournie \u00e0 titre d\u2019information [&hellip;]<\/p>\n","protected":false},"author":1,"featured_media":0,"parent":0,"menu_order":0,"comment_status":"closed","ping_status":"closed","template":"template-empty.php","meta":{"_acf_changed":false,"footnotes":""},"class_list":["post-4204","page","type-page","status-publish","hentry"],"acf":[],"yoast_head":"<!-- This site is optimized with the Yoast SEO plugin v27.3 - https:\/\/yoast.com\/product\/yoast-seo-wordpress\/ -->\n<title>Avis de non-responsabilit\u00e9\u00a0 | Nano One\u00ae | TSX: NANO | FF: LBMB | OTC: NNOMF<\/title>\n<meta name=\"description\" content=\"Mise en garde&nbsp; Toute information externe menant \u00e0 un site Web ou \u00e0 un article est fournie \u00e0 titre d\u2019information uniquement et ne constitue pas une\" \/>\n<meta name=\"robots\" content=\"index, follow, max-snippet:-1, max-image-preview:large, max-video-preview:-1\" \/>\n<link rel=\"canonical\" href=\"https:\/\/nanoone.ca\/fr\/disclaimer\/\" \/>\n<meta property=\"og:locale\" content=\"fr_FR\" \/>\n<meta property=\"og:type\" content=\"article\" \/>\n<meta property=\"og:title\" content=\"Avis de non-responsabilit\u00e9\u00a0 | Nano One\u00ae | TSX: NANO | FF: LBMB | OTC: NNOMF\" \/>\n<meta property=\"og:description\" content=\"Mise en garde&nbsp; Toute information externe menant \u00e0 un site Web ou \u00e0 un article est fournie \u00e0 titre d\u2019information uniquement et ne constitue pas une\" \/>\n<meta property=\"og:url\" content=\"https:\/\/nanoone.ca\/fr\/disclaimer\/\" \/>\n<meta property=\"og:site_name\" content=\"Nano One\u00ae\" \/>\n<meta property=\"article:modified_time\" content=\"2024-01-23T22:04:26+00:00\" \/>\n<meta name=\"twitter:card\" content=\"summary_large_image\" \/>\n<meta name=\"twitter:site\" content=\"@NanoOne_NANO\" \/>\n<script type=\"application\/ld+json\" class=\"yoast-schema-graph\">{\"@context\":\"https:\\\/\\\/schema.org\",\"@graph\":[{\"@type\":\"WebPage\",\"@id\":\"https:\\\/\\\/nanoone.ca\\\/fr\\\/disclaimer\\\/\",\"url\":\"https:\\\/\\\/nanoone.ca\\\/fr\\\/disclaimer\\\/\",\"name\":\"Avis de non-responsabilit\u00e9\u00a0 | Nano One\u00ae | TSX: NANO | FF: LBMB | OTC: NNOMF\",\"isPartOf\":{\"@id\":\"https:\\\/\\\/nanoone.ca\\\/#website\"},\"datePublished\":\"2023-09-30T03:56:01+00:00\",\"dateModified\":\"2024-01-23T22:04:26+00:00\",\"description\":\"Mise en garde&nbsp; Toute information externe menant \u00e0 un site Web ou \u00e0 un article est fournie \u00e0 titre d\u2019information uniquement et ne constitue pas une\",\"breadcrumb\":{\"@id\":\"https:\\\/\\\/nanoone.ca\\\/fr\\\/disclaimer\\\/#breadcrumb\"},\"inLanguage\":\"fr-FR\",\"potentialAction\":[{\"@type\":\"ReadAction\",\"target\":[\"https:\\\/\\\/nanoone.ca\\\/fr\\\/disclaimer\\\/\"]}]},{\"@type\":\"BreadcrumbList\",\"@id\":\"https:\\\/\\\/nanoone.ca\\\/fr\\\/disclaimer\\\/#breadcrumb\",\"itemListElement\":[{\"@type\":\"ListItem\",\"position\":1,\"name\":\"Home\",\"item\":\"https:\\\/\\\/nanoone.ca\\\/fr\\\/\"},{\"@type\":\"ListItem\",\"position\":2,\"name\":\"Avis de non-responsabilit\u00e9\u00a0\"}]},{\"@type\":\"WebSite\",\"@id\":\"https:\\\/\\\/nanoone.ca\\\/#website\",\"url\":\"https:\\\/\\\/nanoone.ca\\\/\",\"name\":\"Nano One\u00ae\",\"description\":\"Changing How the World Makes Battery Materials\",\"publisher\":{\"@id\":\"https:\\\/\\\/nanoone.ca\\\/#organization\"},\"alternateName\":\"Nano One\u00ae\",\"potentialAction\":[{\"@type\":\"SearchAction\",\"target\":{\"@type\":\"EntryPoint\",\"urlTemplate\":\"https:\\\/\\\/nanoone.ca\\\/?s={search_term_string}\"},\"query-input\":{\"@type\":\"PropertyValueSpecification\",\"valueRequired\":true,\"valueName\":\"search_term_string\"}}],\"inLanguage\":\"fr-FR\"},{\"@type\":\"Organization\",\"@id\":\"https:\\\/\\\/nanoone.ca\\\/#organization\",\"name\":\"Nano One\u00ae\",\"alternateName\":\"Nano One\u00ae\",\"url\":\"https:\\\/\\\/nanoone.ca\\\/\",\"logo\":{\"@type\":\"ImageObject\",\"inLanguage\":\"fr-FR\",\"@id\":\"https:\\\/\\\/nanoone.ca\\\/#\\\/schema\\\/logo\\\/image\\\/\",\"url\":\"https:\\\/\\\/nanoone.ca\\\/wp-content\\\/uploads\\\/2023\\\/08\\\/logo.svg\",\"contentUrl\":\"https:\\\/\\\/nanoone.ca\\\/wp-content\\\/uploads\\\/2023\\\/08\\\/logo.svg\",\"width\":362,\"height\":124,\"caption\":\"Nano One\u00ae\"},\"image\":{\"@id\":\"https:\\\/\\\/nanoone.ca\\\/#\\\/schema\\\/logo\\\/image\\\/\"},\"sameAs\":[\"https:\\\/\\\/x.com\\\/NanoOne_NANO\",\"https:\\\/\\\/www.linkedin.com\\\/company\\\/nanoone\\\/\"]}]}<\/script>\n<!-- \/ Yoast SEO plugin. -->","yoast_head_json":{"title":"Avis de non-responsabilit\u00e9\u00a0 | Nano One\u00ae | TSX: NANO | FF: LBMB | OTC: NNOMF","description":"Mise en garde&nbsp; Toute information externe menant \u00e0 un site Web ou \u00e0 un article est fournie \u00e0 titre d\u2019information uniquement et ne constitue pas une","robots":{"index":"index","follow":"follow","max-snippet":"max-snippet:-1","max-image-preview":"max-image-preview:large","max-video-preview":"max-video-preview:-1"},"canonical":"https:\/\/nanoone.ca\/fr\/disclaimer\/","og_locale":"fr_FR","og_type":"article","og_title":"Avis de non-responsabilit\u00e9\u00a0 | Nano One\u00ae | TSX: NANO | FF: LBMB | OTC: NNOMF","og_description":"Mise en garde&nbsp; Toute information externe menant \u00e0 un site Web ou \u00e0 un article est fournie \u00e0 titre d\u2019information uniquement et ne constitue pas une","og_url":"https:\/\/nanoone.ca\/fr\/disclaimer\/","og_site_name":"Nano One\u00ae","article_modified_time":"2024-01-23T22:04:26+00:00","twitter_card":"summary_large_image","twitter_site":"@NanoOne_NANO","schema":{"@context":"https:\/\/schema.org","@graph":[{"@type":"WebPage","@id":"https:\/\/nanoone.ca\/fr\/disclaimer\/","url":"https:\/\/nanoone.ca\/fr\/disclaimer\/","name":"Avis de non-responsabilit\u00e9\u00a0 | Nano One\u00ae | TSX: NANO | FF: LBMB | OTC: NNOMF","isPartOf":{"@id":"https:\/\/nanoone.ca\/#website"},"datePublished":"2023-09-30T03:56:01+00:00","dateModified":"2024-01-23T22:04:26+00:00","description":"Mise en garde&nbsp; Toute information externe menant \u00e0 un site Web ou \u00e0 un article est fournie \u00e0 titre d\u2019information uniquement et ne constitue pas une","breadcrumb":{"@id":"https:\/\/nanoone.ca\/fr\/disclaimer\/#breadcrumb"},"inLanguage":"fr-FR","potentialAction":[{"@type":"ReadAction","target":["https:\/\/nanoone.ca\/fr\/disclaimer\/"]}]},{"@type":"BreadcrumbList","@id":"https:\/\/nanoone.ca\/fr\/disclaimer\/#breadcrumb","itemListElement":[{"@type":"ListItem","position":1,"name":"Home","item":"https:\/\/nanoone.ca\/fr\/"},{"@type":"ListItem","position":2,"name":"Avis de non-responsabilit\u00e9\u00a0"}]},{"@type":"WebSite","@id":"https:\/\/nanoone.ca\/#website","url":"https:\/\/nanoone.ca\/","name":"Nano One\u00ae","description":"Changing How the World Makes Battery Materials","publisher":{"@id":"https:\/\/nanoone.ca\/#organization"},"alternateName":"Nano One\u00ae","potentialAction":[{"@type":"SearchAction","target":{"@type":"EntryPoint","urlTemplate":"https:\/\/nanoone.ca\/?s={search_term_string}"},"query-input":{"@type":"PropertyValueSpecification","valueRequired":true,"valueName":"search_term_string"}}],"inLanguage":"fr-FR"},{"@type":"Organization","@id":"https:\/\/nanoone.ca\/#organization","name":"Nano One\u00ae","alternateName":"Nano One\u00ae","url":"https:\/\/nanoone.ca\/","logo":{"@type":"ImageObject","inLanguage":"fr-FR","@id":"https:\/\/nanoone.ca\/#\/schema\/logo\/image\/","url":"https:\/\/nanoone.ca\/wp-content\/uploads\/2023\/08\/logo.svg","contentUrl":"https:\/\/nanoone.ca\/wp-content\/uploads\/2023\/08\/logo.svg","width":362,"height":124,"caption":"Nano One\u00ae"},"image":{"@id":"https:\/\/nanoone.ca\/#\/schema\/logo\/image\/"},"sameAs":["https:\/\/x.com\/NanoOne_NANO","https:\/\/www.linkedin.com\/company\/nanoone\/"]}]}},"_links":{"self":[{"href":"https:\/\/nanoone.ca\/fr\/wp-json\/wp\/v2\/pages\/4204","targetHints":{"allow":["GET"]}}],"collection":[{"href":"https:\/\/nanoone.ca\/fr\/wp-json\/wp\/v2\/pages"}],"about":[{"href":"https:\/\/nanoone.ca\/fr\/wp-json\/wp\/v2\/types\/page"}],"author":[{"embeddable":true,"href":"https:\/\/nanoone.ca\/fr\/wp-json\/wp\/v2\/users\/1"}],"replies":[{"embeddable":true,"href":"https:\/\/nanoone.ca\/fr\/wp-json\/wp\/v2\/comments?post=4204"}],"version-history":[{"count":3,"href":"https:\/\/nanoone.ca\/fr\/wp-json\/wp\/v2\/pages\/4204\/revisions"}],"predecessor-version":[{"id":9843,"href":"https:\/\/nanoone.ca\/fr\/wp-json\/wp\/v2\/pages\/4204\/revisions\/9843"}],"wp:attachment":[{"href":"https:\/\/nanoone.ca\/fr\/wp-json\/wp\/v2\/media?parent=4204"}],"curies":[{"name":"wp","href":"https:\/\/api.w.org\/{rel}","templated":true}]}}