{"id":4230,"date":"2024-06-25T15:51:43","date_gmt":"2024-06-25T22:51:43","guid":{"rendered":"https:\/\/nanoone.ca\/investors\/agm\/"},"modified":"2025-11-04T12:50:19","modified_gmt":"2025-11-04T20:50:19","slug":"agm","status":"publish","type":"page","link":"https:\/\/nanoone.ca\/fr\/investors\/agm\/","title":{"rendered":"AGM"},"content":{"rendered":"\r\n<div  class=\"page-hero alignfull\"  id=\"block_a255a893152bff7ce9f0d876418e8036\"  data-color-scheme=\"dark\" data-content-width=\"secondary\">\r\n\t                        <div class=\"page-hero-media\">\r\n            <div class=\"page-hero-image\">\r\n\t\t\t\t<img decoding=\"async\" width=\"1651\" height=\"1161\" data-src=\"https:\/\/nanoone.ca\/wp-content\/uploads\/2023\/08\/gallery-demo-3.jpg\" class=\"attachment-full size-full lazyload\" alt=\"\" data-srcset=\"https:\/\/nanoone.ca\/wp-content\/uploads\/2023\/08\/gallery-demo-3.jpg 1651w, https:\/\/nanoone.ca\/wp-content\/uploads\/2023\/08\/gallery-demo-3-300x211.jpg 300w, https:\/\/nanoone.ca\/wp-content\/uploads\/2023\/08\/gallery-demo-3-1024x720.jpg 1024w, https:\/\/nanoone.ca\/wp-content\/uploads\/2023\/08\/gallery-demo-3-768x540.jpg 768w, https:\/\/nanoone.ca\/wp-content\/uploads\/2023\/08\/gallery-demo-3-1536x1080.jpg 1536w\" data-sizes=\"(max-width: 1651px) 100vw, 1651px\" src=\"data:image\/svg+xml;base64,PHN2ZyB3aWR0aD0iMSIgaGVpZ2h0PSIxIiB4bWxucz0iaHR0cDovL3d3dy53My5vcmcvMjAwMC9zdmciPjwvc3ZnPg==\" style=\"--smush-placeholder-width: 1651px; --smush-placeholder-aspect-ratio: 1651\/1161;\" \/>            <\/div>\r\n        <\/div>\r\n            \t<div class=\"page-hero-wrapper\">\r\n\t\t<div class=\"page-hero-inner\">\r\n\t\t\t\t\t\t<ul class=\"page-hero-breadcrumbs\">\r\n\t\t\t\t\t\t\t\t\t\t\t\t\t\t<li>\r\n\t\t\t\t\t\t\t\t\t\t\t\t\t\r\n\t\t\t\t\t\t\t\t\t\t\t\t\t\t<a href=\"https:\/\/nanoone.ca\/\" target=\"_self\" aria-label=\"Home\">\r\n\t\t\t\t\t\t\t\tHome\t\t\t\t\t\t\t<\/a>\r\n\t\t\t\t\t\t\t\t\t\t\t\t\t\t\t\t\t\t<\/li>\r\n\t\t\t\t\t\t\t\t\t\t\t\t\t\t<li>\r\n\t\t\t\t\t\t\t\t\t\t\t\t\t\r\n\t\t\t\t\t\t\t\t\t\t\t\t\t\t<a href=\"https:\/\/nanoone.ca\/investors\/\" target=\"_self\" aria-label=\"Investors\">\r\n\t\t\t\t\t\t\t\tInvestors\t\t\t\t\t\t\t<\/a>\r\n\t\t\t\t\t\t\t\t\t\t\t\t\t\t\t\t\t\t<\/li>\r\n\t\t\t\t\t\t\t\t\t\t\t\t\t\t<li>\r\n\t\t\t\t\t\t\t\t\t\t\t\t<span>\r\n\t\t\t\t\t\t\tAssembl\u00e9e g\u00e9n\u00e9rale annuelle des actionnaires\t\t\t\t\t\t<\/span>\r\n\t\t\t\t\t\t\t\t\t\t\t<\/li>\r\n\t\t\t\t\t\t\t<\/ul>\r\n\t\t\t\r\n\t\t\t\r\n\t\t\t\t\t\t<h1 class=\"page-hero-title\">\r\n\t\t\t\tAssembl\u00e9e g\u00e9n\u00e9rale annuelle des actionnaires\n\t\t\t<\/h1>\r\n\t\t\t\r\n\t\t\t\t\t\t<div class=\"page-hero-content\">\r\n\t\t\t\tL\u2019Assembl\u00e9e g\u00e9n\u00e9rale annuelle des actionnaires de Nano One Materials Corp. s\u2019est tenue le vendredi 23 mai 2025 \u00e0 9 h (heure du Pacifique).\t\t\t<\/div>\r\n\t\t\t\r\n\t\t\t\t\t<\/div>\r\n\t<\/div>\r\n<\/div>\r\n\n\n\n<section  class=\"columns-with-content alignwide\"  id=\"block_2c828d77cf4d5f01b946c42fe0663dbf\"  data-layout=\"3070\" data-vertical-align=\"middle\">\n                    <div class=\"columns-with-content-column\" data-animation>\n                        <div class=\"eyebrow columns-with-content-column-eyebrow\">\n                2025 AGM            <\/div>\n            \n                        <h2 class=\"columns-with-content-column-title h2\">\n                Pr\u00e9sentation corporative            <\/h2>\n            \n            \n                        <div class=\"columns-with-content-column-buttons\">\n                                                <a class=\"primary-button columns-with-content-column-button\" href=\"https:\/\/nanoone.ca\/wp-content\/uploads\/2025\/05\/2025-05-16-NN1-AGM.pdf\" target=\"_blank\" aria-label=\"Voir la pr\u00e9sentation PDF (open in a new tab)\">\n                    Voir la pr\u00e9sentation PDF                <\/a>\n                \n                                \n                                            <\/div>\n                    <\/div>\n                    <div class=\"columns-with-content-column\" data-animation>\n            \n            \n                        <div class=\"columns-with-content-column-content\" data-text-size=\"regular\">\n                <p><iframe width=\"560\" height=\"315\" data-src=\"https:\/\/www.youtube.com\/embed\/ffdQQB-1KK8?si=NWcPWOrWZvjcUFxi\" title=\"YouTube video player\" frameborder=\"0\" allow=\"accelerometer; autoplay; clipboard-write; encrypted-media; gyroscope; picture-in-picture; web-share\" referrerpolicy=\"strict-origin-when-cross-origin\" allowfullscreen src=\"data:image\/svg+xml;base64,PHN2ZyB3aWR0aD0iMSIgaGVpZ2h0PSIxIiB4bWxucz0iaHR0cDovL3d3dy53My5vcmcvMjAwMC9zdmciPjwvc3ZnPg==\" class=\"lazyload\" data-load-mode=\"1\"><\/iframe><\/p>\n            <\/div>\n            \n                    <\/div>\n    <\/section>\n\n\n\n<section  class=\"links-groups alignwide\"  id=\"block_c0f488b035b91f934eb86555215e2ad8\" >\n                            <div class=\"links-groups-list\" data-animation>\n                    \n                                <h2>Documents de la r\u00e9union de 2025 <\/h2>\n                \n            \n                                                                                                    \n                    <div class=\"links-groups-list-item\">\n\n                                                <h3>R\u00e9sultats des \u00e9lecteurs <\/h3>\n                        \n                        <div class=\"links-groups-list-item-links\">\n                                                            <a class=\"links-groups-list-item\" href=\"https:\/\/nanoone.ca\/wp-content\/uploads\/2025\/05\/NANO-2025-AGM-VOTING-REPORT.pdf\" target=\"_blank\">\n                                    <span class=\"tertiary-button\">En savoir plus<\/span>\n                                <\/a>\n                            \n                            \n                                                    <\/div>\n                        \n                    <\/div>\n\n                                                                            \n                    <div class=\"links-groups-list-item\">\n\n                                                <h3>Avis de r\u00e9union<\/h3>\n                        \n                        <div class=\"links-groups-list-item-links\">\n                                                            <a class=\"links-groups-list-item\" href=\"https:\/\/nanoone.ca\/wp-content\/uploads\/2025\/04\/Notice-of-AGM.pdf\" target=\"_blank\">\n                                    <span class=\"tertiary-button\">En savoir plus<\/span>\n                                <\/a>\n                            \n                            \n                                                    <\/div>\n                        \n                    <\/div>\n\n                                                                            \n                    <div class=\"links-groups-list-item\">\n\n                                                <h3>Circulaire d&#039;information et avis<\/h3>\n                        \n                        <div class=\"links-groups-list-item-links\">\n                                                            <a class=\"links-groups-list-item\" href=\"https:\/\/nanoone.ca\/wp-content\/uploads\/2025\/04\/NANO-Info-Circular-YE-2024-FINAL.pdf\" target=\"_blank\">\n                                    <span class=\"tertiary-button\">En savoir plus<\/span>\n                                <\/a>\n                            \n                            \n                                                    <\/div>\n                        \n                    <\/div>\n\n                                                                            \n                    <div class=\"links-groups-list-item\">\n\n                                                <h3>Forme de procuration<\/h3>\n                        \n                        <div class=\"links-groups-list-item-links\">\n                                                            <a class=\"links-groups-list-item\" href=\"https:\/\/nanoone.ca\/wp-content\/uploads\/2025\/04\/DRVQ_SEDAR_Proxy_English.pdf\" target=\"_blank\">\n                                    <span class=\"tertiary-button\">En savoir plus<\/span>\n                                <\/a>\n                            \n                            \n                                                    <\/div>\n                        \n                    <\/div>\n\n                                                                            \n                    <div class=\"links-groups-list-item\">\n\n                                                <h3>Formulaire d&#039;information pour les \u00e9lecteurs<\/h3>\n                        \n                        <div class=\"links-groups-list-item-links\">\n                                                            <a class=\"links-groups-list-item\" href=\"https:\/\/nanoone.ca\/wp-content\/uploads\/2025\/04\/DRVQ_SEDAR_VIF_English.pdf\" target=\"_blank\">\n                                    <span class=\"tertiary-button\">En savoir plus<\/span>\n                                <\/a>\n                            \n                            \n                                                    <\/div>\n                        \n                    <\/div>\n\n                                                                            \n                    <div class=\"links-groups-list-item\">\n\n                                                <h3>\u00c9tats financiers pour 2024<\/h3>\n                        \n                        <div class=\"links-groups-list-item-links\">\n                                                            <a class=\"links-groups-list-item\" href=\"https:\/\/nanoone.ca\/wp-content\/uploads\/2025\/04\/NANO-FS-Q4-2024-final-with-report68.pdf\" target=\"_blank\">\n                                    <span class=\"tertiary-button\">En savoir plus<\/span>\n                                <\/a>\n                            \n                            \n                                                    <\/div>\n                        \n                    <\/div>\n\n                                    \n                <\/div>\n            <\/section>\n","protected":false},"excerpt":{"rendered":"","protected":false},"author":1,"featured_media":0,"parent":4222,"menu_order":0,"comment_status":"closed","ping_status":"closed","template":"template-empty.php","meta":{"_acf_changed":false,"footnotes":""},"class_list":["post-4230","page","type-page","status-publish","hentry"],"acf":[],"yoast_head":"<!-- This site is optimized with the Yoast SEO plugin v27.4 - https:\/\/yoast.com\/product\/yoast-seo-wordpress\/ -->\n<title>AGM | Nano One\u00ae | TSX: NANO | FF: LBMB | OTC: NNOMF<\/title>\n<meta name=\"description\" content=\"For Nano One\u00ae (TSX: NANO | FF: LBMB | OTC: NNOMF) investors: find updated information on the company&#039;s Annual General Meeting (AGM) right here.\" \/>\n<meta name=\"robots\" content=\"index, follow, max-snippet:-1, max-image-preview:large, max-video-preview:-1\" \/>\n<link rel=\"canonical\" href=\"https:\/\/nanoone.ca\/fr\/investors\/agm\/\" \/>\n<meta property=\"og:locale\" content=\"fr_FR\" \/>\n<meta property=\"og:type\" content=\"article\" \/>\n<meta property=\"og:title\" content=\"AGM | Nano One\u00ae | TSX: NANO | FF: LBMB | OTC: NNOMF\" \/>\n<meta property=\"og:description\" content=\"For Nano One\u00ae (TSX: NANO | FF: LBMB | OTC: NNOMF) investors: find updated information on the company&#039;s Annual General Meeting (AGM) right here.\" \/>\n<meta property=\"og:url\" content=\"https:\/\/nanoone.ca\/fr\/investors\/agm\/\" \/>\n<meta property=\"og:site_name\" content=\"Nano One\u00ae\" \/>\n<meta property=\"article:modified_time\" content=\"2025-11-04T20:50:19+00:00\" \/>\n<meta name=\"twitter:card\" content=\"summary_large_image\" \/>\n<meta name=\"twitter:site\" content=\"@NanoOne_NANO\" \/>\n<script type=\"application\/ld+json\" class=\"yoast-schema-graph\">{\"@context\":\"https:\\\/\\\/schema.org\",\"@graph\":[{\"@type\":\"WebPage\",\"@id\":\"https:\\\/\\\/nanoone.ca\\\/fr\\\/investors\\\/agm\\\/\",\"url\":\"https:\\\/\\\/nanoone.ca\\\/fr\\\/investors\\\/agm\\\/\",\"name\":\"AGM | Nano One\u00ae | TSX: NANO | FF: LBMB | OTC: NNOMF\",\"isPartOf\":{\"@id\":\"https:\\\/\\\/nanoone.ca\\\/#website\"},\"datePublished\":\"2024-06-25T22:51:43+00:00\",\"dateModified\":\"2025-11-04T20:50:19+00:00\",\"description\":\"For Nano One\u00ae (TSX: NANO | FF: LBMB | OTC: NNOMF) investors: find updated information on the company's Annual General Meeting (AGM) right here.\",\"breadcrumb\":{\"@id\":\"https:\\\/\\\/nanoone.ca\\\/fr\\\/investors\\\/agm\\\/#breadcrumb\"},\"inLanguage\":\"fr-FR\",\"potentialAction\":[{\"@type\":\"ReadAction\",\"target\":[\"https:\\\/\\\/nanoone.ca\\\/fr\\\/investors\\\/agm\\\/\"]}]},{\"@type\":\"BreadcrumbList\",\"@id\":\"https:\\\/\\\/nanoone.ca\\\/fr\\\/investors\\\/agm\\\/#breadcrumb\",\"itemListElement\":[{\"@type\":\"ListItem\",\"position\":1,\"name\":\"Home\",\"item\":\"https:\\\/\\\/nanoone.ca\\\/fr\\\/\"},{\"@type\":\"ListItem\",\"position\":2,\"name\":\"Investisseurs\u00a0\",\"item\":\"https:\\\/\\\/nanoone.ca\\\/fr\\\/investors\\\/\"},{\"@type\":\"ListItem\",\"position\":3,\"name\":\"AGM\"}]},{\"@type\":\"WebSite\",\"@id\":\"https:\\\/\\\/nanoone.ca\\\/#website\",\"url\":\"https:\\\/\\\/nanoone.ca\\\/\",\"name\":\"Nano One\u00ae\",\"description\":\"Changing How the World Makes Battery Materials\",\"publisher\":{\"@id\":\"https:\\\/\\\/nanoone.ca\\\/#organization\"},\"alternateName\":\"Nano One\u00ae\",\"potentialAction\":[{\"@type\":\"SearchAction\",\"target\":{\"@type\":\"EntryPoint\",\"urlTemplate\":\"https:\\\/\\\/nanoone.ca\\\/?s={search_term_string}\"},\"query-input\":{\"@type\":\"PropertyValueSpecification\",\"valueRequired\":true,\"valueName\":\"search_term_string\"}}],\"inLanguage\":\"fr-FR\"},{\"@type\":\"Organization\",\"@id\":\"https:\\\/\\\/nanoone.ca\\\/#organization\",\"name\":\"Nano One\u00ae\",\"alternateName\":\"Nano One\u00ae\",\"url\":\"https:\\\/\\\/nanoone.ca\\\/\",\"logo\":{\"@type\":\"ImageObject\",\"inLanguage\":\"fr-FR\",\"@id\":\"https:\\\/\\\/nanoone.ca\\\/#\\\/schema\\\/logo\\\/image\\\/\",\"url\":\"https:\\\/\\\/nanoone.ca\\\/wp-content\\\/uploads\\\/2023\\\/08\\\/logo.svg\",\"contentUrl\":\"https:\\\/\\\/nanoone.ca\\\/wp-content\\\/uploads\\\/2023\\\/08\\\/logo.svg\",\"width\":362,\"height\":124,\"caption\":\"Nano One\u00ae\"},\"image\":{\"@id\":\"https:\\\/\\\/nanoone.ca\\\/#\\\/schema\\\/logo\\\/image\\\/\"},\"sameAs\":[\"https:\\\/\\\/x.com\\\/NanoOne_NANO\",\"https:\\\/\\\/www.linkedin.com\\\/company\\\/nanoone\\\/\"]}]}<\/script>\n<!-- \/ Yoast SEO plugin. -->","yoast_head_json":{"title":"AGM | Nano One\u00ae | TSX: NANO | FF: LBMB | OTC: NNOMF","description":"For Nano One\u00ae (TSX: NANO | FF: LBMB | OTC: NNOMF) investors: find updated information on the company's Annual General Meeting (AGM) right here.","robots":{"index":"index","follow":"follow","max-snippet":"max-snippet:-1","max-image-preview":"max-image-preview:large","max-video-preview":"max-video-preview:-1"},"canonical":"https:\/\/nanoone.ca\/fr\/investors\/agm\/","og_locale":"fr_FR","og_type":"article","og_title":"AGM | Nano One\u00ae | TSX: NANO | FF: LBMB | OTC: NNOMF","og_description":"For Nano One\u00ae (TSX: NANO | FF: LBMB | OTC: NNOMF) investors: find updated information on the company's Annual General Meeting (AGM) right here.","og_url":"https:\/\/nanoone.ca\/fr\/investors\/agm\/","og_site_name":"Nano One\u00ae","article_modified_time":"2025-11-04T20:50:19+00:00","twitter_card":"summary_large_image","twitter_site":"@NanoOne_NANO","schema":{"@context":"https:\/\/schema.org","@graph":[{"@type":"WebPage","@id":"https:\/\/nanoone.ca\/fr\/investors\/agm\/","url":"https:\/\/nanoone.ca\/fr\/investors\/agm\/","name":"AGM | Nano One\u00ae | TSX: NANO | FF: LBMB | OTC: NNOMF","isPartOf":{"@id":"https:\/\/nanoone.ca\/#website"},"datePublished":"2024-06-25T22:51:43+00:00","dateModified":"2025-11-04T20:50:19+00:00","description":"For Nano One\u00ae (TSX: NANO | FF: LBMB | OTC: NNOMF) investors: find updated information on the company's Annual General Meeting (AGM) right here.","breadcrumb":{"@id":"https:\/\/nanoone.ca\/fr\/investors\/agm\/#breadcrumb"},"inLanguage":"fr-FR","potentialAction":[{"@type":"ReadAction","target":["https:\/\/nanoone.ca\/fr\/investors\/agm\/"]}]},{"@type":"BreadcrumbList","@id":"https:\/\/nanoone.ca\/fr\/investors\/agm\/#breadcrumb","itemListElement":[{"@type":"ListItem","position":1,"name":"Home","item":"https:\/\/nanoone.ca\/fr\/"},{"@type":"ListItem","position":2,"name":"Investisseurs\u00a0","item":"https:\/\/nanoone.ca\/fr\/investors\/"},{"@type":"ListItem","position":3,"name":"AGM"}]},{"@type":"WebSite","@id":"https:\/\/nanoone.ca\/#website","url":"https:\/\/nanoone.ca\/","name":"Nano One\u00ae","description":"Changing How the World Makes Battery Materials","publisher":{"@id":"https:\/\/nanoone.ca\/#organization"},"alternateName":"Nano One\u00ae","potentialAction":[{"@type":"SearchAction","target":{"@type":"EntryPoint","urlTemplate":"https:\/\/nanoone.ca\/?s={search_term_string}"},"query-input":{"@type":"PropertyValueSpecification","valueRequired":true,"valueName":"search_term_string"}}],"inLanguage":"fr-FR"},{"@type":"Organization","@id":"https:\/\/nanoone.ca\/#organization","name":"Nano One\u00ae","alternateName":"Nano One\u00ae","url":"https:\/\/nanoone.ca\/","logo":{"@type":"ImageObject","inLanguage":"fr-FR","@id":"https:\/\/nanoone.ca\/#\/schema\/logo\/image\/","url":"https:\/\/nanoone.ca\/wp-content\/uploads\/2023\/08\/logo.svg","contentUrl":"https:\/\/nanoone.ca\/wp-content\/uploads\/2023\/08\/logo.svg","width":362,"height":124,"caption":"Nano One\u00ae"},"image":{"@id":"https:\/\/nanoone.ca\/#\/schema\/logo\/image\/"},"sameAs":["https:\/\/x.com\/NanoOne_NANO","https:\/\/www.linkedin.com\/company\/nanoone\/"]}]}},"_links":{"self":[{"href":"https:\/\/nanoone.ca\/fr\/wp-json\/wp\/v2\/pages\/4230","targetHints":{"allow":["GET"]}}],"collection":[{"href":"https:\/\/nanoone.ca\/fr\/wp-json\/wp\/v2\/pages"}],"about":[{"href":"https:\/\/nanoone.ca\/fr\/wp-json\/wp\/v2\/types\/page"}],"author":[{"embeddable":true,"href":"https:\/\/nanoone.ca\/fr\/wp-json\/wp\/v2\/users\/1"}],"replies":[{"embeddable":true,"href":"https:\/\/nanoone.ca\/fr\/wp-json\/wp\/v2\/comments?post=4230"}],"version-history":[{"count":62,"href":"https:\/\/nanoone.ca\/fr\/wp-json\/wp\/v2\/pages\/4230\/revisions"}],"predecessor-version":[{"id":15619,"href":"https:\/\/nanoone.ca\/fr\/wp-json\/wp\/v2\/pages\/4230\/revisions\/15619"}],"up":[{"embeddable":true,"href":"https:\/\/nanoone.ca\/fr\/wp-json\/wp\/v2\/pages\/4222"}],"wp:attachment":[{"href":"https:\/\/nanoone.ca\/fr\/wp-json\/wp\/v2\/media?parent=4230"}],"curies":[{"name":"wp","href":"https:\/\/api.w.org\/{rel}","templated":true}]}}