{"id":4232,"date":"2023-09-29T20:40:34","date_gmt":"2023-09-30T03:40:34","guid":{"rendered":"https:\/\/nanoone.ca\/investors\/presentations\/"},"modified":"2025-01-31T09:34:20","modified_gmt":"2025-01-31T17:34:20","slug":"presentations","status":"publish","type":"page","link":"https:\/\/nanoone.ca\/fr\/investors\/presentations\/","title":{"rendered":"Pr\u00e9sentations\u00a0"},"content":{"rendered":"\r\n<div  class=\"page-hero alignfull\"  id=\"block_9c594dbf297e5eecd64be41de4f8430f\"  data-color-scheme=\"dark\" data-content-width=\"secondary\">\r\n\t                        <div class=\"page-hero-media\">\r\n            <div class=\"page-hero-image\">\r\n\t\t\t\t<img decoding=\"async\" width=\"1904\" height=\"565\" data-src=\"https:\/\/nanoone.ca\/wp-content\/uploads\/2023\/10\/NN1-presentations.png\" class=\"attachment-full size-full lazyload\" alt=\"\" data-srcset=\"https:\/\/nanoone.ca\/wp-content\/uploads\/2023\/10\/NN1-presentations.png 1904w, https:\/\/nanoone.ca\/wp-content\/uploads\/2023\/10\/NN1-presentations-300x89.png 300w, https:\/\/nanoone.ca\/wp-content\/uploads\/2023\/10\/NN1-presentations-1024x304.png 1024w, https:\/\/nanoone.ca\/wp-content\/uploads\/2023\/10\/NN1-presentations-768x228.png 768w, https:\/\/nanoone.ca\/wp-content\/uploads\/2023\/10\/NN1-presentations-1536x456.png 1536w\" data-sizes=\"(max-width: 1904px) 100vw, 1904px\" src=\"data:image\/svg+xml;base64,PHN2ZyB3aWR0aD0iMSIgaGVpZ2h0PSIxIiB4bWxucz0iaHR0cDovL3d3dy53My5vcmcvMjAwMC9zdmciPjwvc3ZnPg==\" style=\"--smush-placeholder-width: 1904px; --smush-placeholder-aspect-ratio: 1904\/565;\" \/>            <\/div>\r\n        <\/div>\r\n            \t<div class=\"page-hero-wrapper\">\r\n\t\t<div class=\"page-hero-inner\">\r\n\t\t\t\t\t\t<ul class=\"page-hero-breadcrumbs\">\r\n\t\t\t\t\t\t\t\t\t\t\t\t\t\t<li>\r\n\t\t\t\t\t\t\t\t\t\t\t\t\t\r\n\t\t\t\t\t\t\t\t\t\t\t\t\t\t<a href=\"https:\/\/nanoone.ca\/fr\/\" target=\"_self\" aria-label=\"Accueil\">\r\n\t\t\t\t\t\t\t\tAccueil\t\t\t\t\t\t\t<\/a>\r\n\t\t\t\t\t\t\t\t\t\t\t\t\t\t\t\t\t\t<\/li>\r\n\t\t\t\t\t\t\t\t\t\t\t\t\t\t<li>\r\n\t\t\t\t\t\t\t\t\t\t\t\t\t\r\n\t\t\t\t\t\t\t\t\t\t\t\t\t\t<a href=\"https:\/\/nanoone.ca\/fr\/investors\/\" target=\"_self\" aria-label=\"Investisseurs\">\r\n\t\t\t\t\t\t\t\tInvestisseurs\t\t\t\t\t\t\t<\/a>\r\n\t\t\t\t\t\t\t\t\t\t\t\t\t\t\t\t\t\t<\/li>\r\n\t\t\t\t\t\t\t\t\t\t\t\t\t\t<li>\r\n\t\t\t\t\t\t\t\t\t\t\t\t<span>\r\n\t\t\t\t\t\t\tPr\u00e9sentations\t\t\t\t\t\t<\/span>\r\n\t\t\t\t\t\t\t\t\t\t\t<\/li>\r\n\t\t\t\t\t\t\t<\/ul>\r\n\t\t\t\r\n\t\t\t\r\n\t\t\t\t\t\t<h1 class=\"page-hero-title\">\r\n\t\t\t\tPr\u00e9sentations\n\t\t\t<\/h1>\r\n\t\t\t\r\n\t\t\t\r\n\t\t\t\t\t<\/div>\r\n\t<\/div>\r\n<\/div>\r\n\n\n\n<section  class=\"columns-with-content alignwide\"  id=\"block_764d9369eb21c9ff897ace22450a341b\"  data-layout=\"5050\" data-vertical-align=\"top\">\n                    <div class=\"columns-with-content-column\" data-animation>\n                        <div class=\"eyebrow columns-with-content-column-eyebrow\">\n                2025            <\/div>\n            \n                        <h2 class=\"columns-with-content-column-title h2\">\n                Pr\u00e9sentation de l\u2019entreprise             <\/h2>\n            \n                        <div class=\"columns-with-content-column-content\" data-text-size=\"regular\">\n                <p>Nano One met r\u00e9guli\u00e8rement \u00e0 jour la pr\u00e9sentation de l\u2019entreprise. <\/p>\n            <\/div>\n            \n                        <div class=\"columns-with-content-column-buttons\">\n                                                <a class=\"primary-button columns-with-content-column-button\" href=\"https:\/\/nanoone.ca\/wp-content\/uploads\/2025\/01\/2024-12-19-NN1-Corp-Deck-Web-FR.pdf\" target=\"_blank\" aria-label=\"T\u00e9l\u00e9charger le PDF (open in a new tab)\">\n                    T\u00e9l\u00e9charger le PDF                <\/a>\n                \n                                                <a class=\"secondary-button columns-with-content-column-button\" href=\"https:\/\/youtu.be\/gy6-Gmim4E4?feature=shared\" target=\"_blank\" aria-label=\"Voir la pr\u00e9sentation (open in a new tab)\">\n                    Voir la pr\u00e9sentation                <\/a>\n                \n                                            <\/div>\n                    <\/div>\n                    <div class=\"columns-with-content-column\" data-animation>\n            \n            \n                        <div class=\"columns-with-content-column-content\" data-text-size=\"regular\">\n                <div style=\"position:relative;padding-top:max(60%,324px);width:100%;height:0\"><iframe style=\"position:absolute;border:none;width:100%;height:100%;left:0;top:0\" data-src=\"https:\/\/online.fliphtml5.com\/nbjud\/xhnt\/\" frameborder=\"0\" allowfullscreen=\"true\" src=\"data:image\/svg+xml;base64,PHN2ZyB3aWR0aD0iMSIgaGVpZ2h0PSIxIiB4bWxucz0iaHR0cDovL3d3dy53My5vcmcvMjAwMC9zdmciPjwvc3ZnPg==\" class=\"lazyload\" data-load-mode=\"1\"><\/iframe><\/div>\n            <\/div>\n            \n                        <div class=\"columns-with-content-column-buttons\">\n                                                <a class=\"primary-button columns-with-content-column-button\" href=\"https:\/\/www.youtube.com\/watch?v=RU4offGKaks\" target=\"_blank\" aria-label=\"Regardez maintenant (open in a new tab)\">\n                    Regardez maintenant                <\/a>\n                \n                                \n                                            <\/div>\n                    <\/div>\n    <\/section>\n","protected":false},"excerpt":{"rendered":"","protected":false},"author":1,"featured_media":0,"parent":4222,"menu_order":0,"comment_status":"closed","ping_status":"closed","template":"template-empty.php","meta":{"_acf_changed":false,"footnotes":""},"class_list":["post-4232","page","type-page","status-publish","hentry"],"acf":[],"yoast_head":"<!-- This site is optimized with the Yoast SEO plugin v27.3 - https:\/\/yoast.com\/product\/yoast-seo-wordpress\/ -->\n<title>Pr\u00e9sentations\u00a0 | Nano One\u00ae | TSX: NANO | FF: LBMB | OTC: NNOMF<\/title>\n<meta name=\"description\" content=\"Nano One\u00ae is traded publicly on the Toronto Stock Exchange (TSX) as Nano One Materials Corp. (TSX: NANO). Find up-to-date company presentations right here.\" \/>\n<meta name=\"robots\" content=\"index, follow, max-snippet:-1, max-image-preview:large, max-video-preview:-1\" \/>\n<link rel=\"canonical\" href=\"https:\/\/nanoone.ca\/fr\/investors\/presentations\/\" \/>\n<meta property=\"og:locale\" content=\"fr_FR\" \/>\n<meta property=\"og:type\" content=\"article\" \/>\n<meta property=\"og:title\" content=\"Pr\u00e9sentations\u00a0 | Nano One\u00ae | TSX: NANO | FF: LBMB | OTC: NNOMF\" \/>\n<meta property=\"og:description\" content=\"Nano One\u00ae is traded publicly on the Toronto Stock Exchange (TSX) as Nano One Materials Corp. (TSX: NANO). Find up-to-date company presentations right here.\" \/>\n<meta property=\"og:url\" content=\"https:\/\/nanoone.ca\/fr\/investors\/presentations\/\" \/>\n<meta property=\"og:site_name\" content=\"Nano One\u00ae\" \/>\n<meta property=\"article:modified_time\" content=\"2025-01-31T17:34:20+00:00\" \/>\n<meta name=\"twitter:card\" content=\"summary_large_image\" \/>\n<meta name=\"twitter:site\" content=\"@NanoOne_NANO\" \/>\n<script type=\"application\/ld+json\" class=\"yoast-schema-graph\">{\"@context\":\"https:\\\/\\\/schema.org\",\"@graph\":[{\"@type\":\"WebPage\",\"@id\":\"https:\\\/\\\/nanoone.ca\\\/fr\\\/investors\\\/presentations\\\/\",\"url\":\"https:\\\/\\\/nanoone.ca\\\/fr\\\/investors\\\/presentations\\\/\",\"name\":\"Pr\u00e9sentations\u00a0 | Nano One\u00ae | TSX: NANO | FF: LBMB | OTC: NNOMF\",\"isPartOf\":{\"@id\":\"https:\\\/\\\/nanoone.ca\\\/#website\"},\"datePublished\":\"2023-09-30T03:40:34+00:00\",\"dateModified\":\"2025-01-31T17:34:20+00:00\",\"description\":\"Nano One\u00ae is traded publicly on the Toronto Stock Exchange (TSX) as Nano One Materials Corp. (TSX: NANO). Find up-to-date company presentations right here.\",\"breadcrumb\":{\"@id\":\"https:\\\/\\\/nanoone.ca\\\/fr\\\/investors\\\/presentations\\\/#breadcrumb\"},\"inLanguage\":\"fr-FR\",\"potentialAction\":[{\"@type\":\"ReadAction\",\"target\":[\"https:\\\/\\\/nanoone.ca\\\/fr\\\/investors\\\/presentations\\\/\"]}]},{\"@type\":\"BreadcrumbList\",\"@id\":\"https:\\\/\\\/nanoone.ca\\\/fr\\\/investors\\\/presentations\\\/#breadcrumb\",\"itemListElement\":[{\"@type\":\"ListItem\",\"position\":1,\"name\":\"Home\",\"item\":\"https:\\\/\\\/nanoone.ca\\\/fr\\\/\"},{\"@type\":\"ListItem\",\"position\":2,\"name\":\"Investisseurs\u00a0\",\"item\":\"https:\\\/\\\/nanoone.ca\\\/fr\\\/investors\\\/\"},{\"@type\":\"ListItem\",\"position\":3,\"name\":\"Pr\u00e9sentations\u00a0\"}]},{\"@type\":\"WebSite\",\"@id\":\"https:\\\/\\\/nanoone.ca\\\/#website\",\"url\":\"https:\\\/\\\/nanoone.ca\\\/\",\"name\":\"Nano One\u00ae\",\"description\":\"Changing How the World Makes Battery Materials\",\"publisher\":{\"@id\":\"https:\\\/\\\/nanoone.ca\\\/#organization\"},\"alternateName\":\"Nano One\u00ae\",\"potentialAction\":[{\"@type\":\"SearchAction\",\"target\":{\"@type\":\"EntryPoint\",\"urlTemplate\":\"https:\\\/\\\/nanoone.ca\\\/?s={search_term_string}\"},\"query-input\":{\"@type\":\"PropertyValueSpecification\",\"valueRequired\":true,\"valueName\":\"search_term_string\"}}],\"inLanguage\":\"fr-FR\"},{\"@type\":\"Organization\",\"@id\":\"https:\\\/\\\/nanoone.ca\\\/#organization\",\"name\":\"Nano One\u00ae\",\"alternateName\":\"Nano One\u00ae\",\"url\":\"https:\\\/\\\/nanoone.ca\\\/\",\"logo\":{\"@type\":\"ImageObject\",\"inLanguage\":\"fr-FR\",\"@id\":\"https:\\\/\\\/nanoone.ca\\\/#\\\/schema\\\/logo\\\/image\\\/\",\"url\":\"https:\\\/\\\/nanoone.ca\\\/wp-content\\\/uploads\\\/2023\\\/08\\\/logo.svg\",\"contentUrl\":\"https:\\\/\\\/nanoone.ca\\\/wp-content\\\/uploads\\\/2023\\\/08\\\/logo.svg\",\"width\":362,\"height\":124,\"caption\":\"Nano One\u00ae\"},\"image\":{\"@id\":\"https:\\\/\\\/nanoone.ca\\\/#\\\/schema\\\/logo\\\/image\\\/\"},\"sameAs\":[\"https:\\\/\\\/x.com\\\/NanoOne_NANO\",\"https:\\\/\\\/www.linkedin.com\\\/company\\\/nanoone\\\/\"]}]}<\/script>\n<!-- \/ Yoast SEO plugin. -->","yoast_head_json":{"title":"Pr\u00e9sentations\u00a0 | Nano One\u00ae | TSX: NANO | FF: LBMB | OTC: NNOMF","description":"Nano One\u00ae is traded publicly on the Toronto Stock Exchange (TSX) as Nano One Materials Corp. (TSX: NANO). Find up-to-date company presentations right here.","robots":{"index":"index","follow":"follow","max-snippet":"max-snippet:-1","max-image-preview":"max-image-preview:large","max-video-preview":"max-video-preview:-1"},"canonical":"https:\/\/nanoone.ca\/fr\/investors\/presentations\/","og_locale":"fr_FR","og_type":"article","og_title":"Pr\u00e9sentations\u00a0 | Nano One\u00ae | TSX: NANO | FF: LBMB | OTC: NNOMF","og_description":"Nano One\u00ae is traded publicly on the Toronto Stock Exchange (TSX) as Nano One Materials Corp. (TSX: NANO). Find up-to-date company presentations right here.","og_url":"https:\/\/nanoone.ca\/fr\/investors\/presentations\/","og_site_name":"Nano One\u00ae","article_modified_time":"2025-01-31T17:34:20+00:00","twitter_card":"summary_large_image","twitter_site":"@NanoOne_NANO","schema":{"@context":"https:\/\/schema.org","@graph":[{"@type":"WebPage","@id":"https:\/\/nanoone.ca\/fr\/investors\/presentations\/","url":"https:\/\/nanoone.ca\/fr\/investors\/presentations\/","name":"Pr\u00e9sentations\u00a0 | Nano One\u00ae | TSX: NANO | FF: LBMB | OTC: NNOMF","isPartOf":{"@id":"https:\/\/nanoone.ca\/#website"},"datePublished":"2023-09-30T03:40:34+00:00","dateModified":"2025-01-31T17:34:20+00:00","description":"Nano One\u00ae is traded publicly on the Toronto Stock Exchange (TSX) as Nano One Materials Corp. (TSX: NANO). Find up-to-date company presentations right here.","breadcrumb":{"@id":"https:\/\/nanoone.ca\/fr\/investors\/presentations\/#breadcrumb"},"inLanguage":"fr-FR","potentialAction":[{"@type":"ReadAction","target":["https:\/\/nanoone.ca\/fr\/investors\/presentations\/"]}]},{"@type":"BreadcrumbList","@id":"https:\/\/nanoone.ca\/fr\/investors\/presentations\/#breadcrumb","itemListElement":[{"@type":"ListItem","position":1,"name":"Home","item":"https:\/\/nanoone.ca\/fr\/"},{"@type":"ListItem","position":2,"name":"Investisseurs\u00a0","item":"https:\/\/nanoone.ca\/fr\/investors\/"},{"@type":"ListItem","position":3,"name":"Pr\u00e9sentations\u00a0"}]},{"@type":"WebSite","@id":"https:\/\/nanoone.ca\/#website","url":"https:\/\/nanoone.ca\/","name":"Nano One\u00ae","description":"Changing How the World Makes Battery Materials","publisher":{"@id":"https:\/\/nanoone.ca\/#organization"},"alternateName":"Nano One\u00ae","potentialAction":[{"@type":"SearchAction","target":{"@type":"EntryPoint","urlTemplate":"https:\/\/nanoone.ca\/?s={search_term_string}"},"query-input":{"@type":"PropertyValueSpecification","valueRequired":true,"valueName":"search_term_string"}}],"inLanguage":"fr-FR"},{"@type":"Organization","@id":"https:\/\/nanoone.ca\/#organization","name":"Nano One\u00ae","alternateName":"Nano One\u00ae","url":"https:\/\/nanoone.ca\/","logo":{"@type":"ImageObject","inLanguage":"fr-FR","@id":"https:\/\/nanoone.ca\/#\/schema\/logo\/image\/","url":"https:\/\/nanoone.ca\/wp-content\/uploads\/2023\/08\/logo.svg","contentUrl":"https:\/\/nanoone.ca\/wp-content\/uploads\/2023\/08\/logo.svg","width":362,"height":124,"caption":"Nano One\u00ae"},"image":{"@id":"https:\/\/nanoone.ca\/#\/schema\/logo\/image\/"},"sameAs":["https:\/\/x.com\/NanoOne_NANO","https:\/\/www.linkedin.com\/company\/nanoone\/"]}]}},"_links":{"self":[{"href":"https:\/\/nanoone.ca\/fr\/wp-json\/wp\/v2\/pages\/4232","targetHints":{"allow":["GET"]}}],"collection":[{"href":"https:\/\/nanoone.ca\/fr\/wp-json\/wp\/v2\/pages"}],"about":[{"href":"https:\/\/nanoone.ca\/fr\/wp-json\/wp\/v2\/types\/page"}],"author":[{"embeddable":true,"href":"https:\/\/nanoone.ca\/fr\/wp-json\/wp\/v2\/users\/1"}],"replies":[{"embeddable":true,"href":"https:\/\/nanoone.ca\/fr\/wp-json\/wp\/v2\/comments?post=4232"}],"version-history":[{"count":39,"href":"https:\/\/nanoone.ca\/fr\/wp-json\/wp\/v2\/pages\/4232\/revisions"}],"predecessor-version":[{"id":14229,"href":"https:\/\/nanoone.ca\/fr\/wp-json\/wp\/v2\/pages\/4232\/revisions\/14229"}],"up":[{"embeddable":true,"href":"https:\/\/nanoone.ca\/fr\/wp-json\/wp\/v2\/pages\/4222"}],"wp:attachment":[{"href":"https:\/\/nanoone.ca\/fr\/wp-json\/wp\/v2\/media?parent=4232"}],"curies":[{"name":"wp","href":"https:\/\/api.w.org\/{rel}","templated":true}]}}