{"id":4233,"date":"2023-09-07T21:55:04","date_gmt":"2023-09-08T04:55:04","guid":{"rendered":"https:\/\/nanoone.ca\/investors\/stock-info\/"},"modified":"2024-01-24T15:44:14","modified_gmt":"2024-01-24T23:44:14","slug":"stock-info","status":"publish","type":"page","link":"https:\/\/nanoone.ca\/fr\/investors\/stock-info\/","title":{"rendered":"Info boursi\u00e8re"},"content":{"rendered":"\r\n<div  class=\"page-hero alignfull\"  id=\"block_66def25216d52740839a23d356576140\"  data-color-scheme=\"dark\" data-content-width=\"secondary\">\r\n\t                        <div class=\"page-hero-media\">\r\n            <div class=\"page-hero-image\">\r\n\t\t\t\t<img decoding=\"async\" width=\"1663\" height=\"1247\" data-src=\"https:\/\/nanoone.ca\/wp-content\/uploads\/2024\/01\/candiac-ev-charge-station.jpeg\" class=\"attachment-full size-full lazyload\" alt=\"\" data-srcset=\"https:\/\/nanoone.ca\/wp-content\/uploads\/2024\/01\/candiac-ev-charge-station.jpeg 1663w, https:\/\/nanoone.ca\/wp-content\/uploads\/2024\/01\/candiac-ev-charge-station-300x225.jpeg 300w, https:\/\/nanoone.ca\/wp-content\/uploads\/2024\/01\/candiac-ev-charge-station-1024x768.jpeg 1024w, https:\/\/nanoone.ca\/wp-content\/uploads\/2024\/01\/candiac-ev-charge-station-768x576.jpeg 768w, https:\/\/nanoone.ca\/wp-content\/uploads\/2024\/01\/candiac-ev-charge-station-1536x1152.jpeg 1536w\" data-sizes=\"(max-width: 1663px) 100vw, 1663px\" src=\"data:image\/svg+xml;base64,PHN2ZyB3aWR0aD0iMSIgaGVpZ2h0PSIxIiB4bWxucz0iaHR0cDovL3d3dy53My5vcmcvMjAwMC9zdmciPjwvc3ZnPg==\" style=\"--smush-placeholder-width: 1663px; --smush-placeholder-aspect-ratio: 1663\/1247;\" \/>            <\/div>\r\n        <\/div>\r\n            \t<div class=\"page-hero-wrapper\">\r\n\t\t<div class=\"page-hero-inner\">\r\n\t\t\t\t\t\t<ul class=\"page-hero-breadcrumbs\">\r\n\t\t\t\t\t\t\t\t\t\t\t\t\t\t<li>\r\n\t\t\t\t\t\t\t\t\t\t\t\t\t\r\n\t\t\t\t\t\t\t\t\t\t\t\t\t\t<a href=\"https:\/\/nanoone.ca\/fr\/\" target=\"_self\" aria-label=\"Accueil\">\r\n\t\t\t\t\t\t\t\tAccueil\t\t\t\t\t\t\t<\/a>\r\n\t\t\t\t\t\t\t\t\t\t\t\t\t\t\t\t\t\t<\/li>\r\n\t\t\t\t\t\t\t\t\t\t\t\t\t\t<li>\r\n\t\t\t\t\t\t\t\t\t\t\t\t\t\r\n\t\t\t\t\t\t\t\t\t\t\t\t\t\t<a href=\"https:\/\/nanoone.ca\/fr\/investors\/\" target=\"_self\" aria-label=\"Investisseurs\">\r\n\t\t\t\t\t\t\t\tInvestisseurs\t\t\t\t\t\t\t<\/a>\r\n\t\t\t\t\t\t\t\t\t\t\t\t\t\t\t\t\t\t<\/li>\r\n\t\t\t\t\t\t\t\t\t\t\t\t\t\t<li>\r\n\t\t\t\t\t\t\t\t\t\t\t\t<span>\r\n\t\t\t\t\t\t\tInfo boursi\u00e8re\t\t\t\t\t\t<\/span>\r\n\t\t\t\t\t\t\t\t\t\t\t<\/li>\r\n\t\t\t\t\t\t\t<\/ul>\r\n\t\t\t\r\n\t\t\t\r\n\t\t\t\t\t\t<h1 class=\"page-hero-title\">\r\n\t\t\t\tInfo boursi\u00e8re\n\t\t\t<\/h1>\r\n\t\t\t\r\n\t\t\t\t\t\t<div class=\"page-hero-content\">\r\n\t\t\t\tNano One est cot\u00e9e \u00e0 la Bourse de Toronto (TSX) sous le nom de Nano One Materials Corp. TSX : NANO \t\t\t<\/div>\r\n\t\t\t\r\n\t\t\t\t\t<\/div>\r\n\t<\/div>\r\n<\/div>\r\n\n\n\n<div  class=\"section-background alignfull\"  id=\"block_1f165c3b4cee7655b7aa0527043b0131\"  data-color-scheme=\"light\">\n    <div class=\"blocks-container\">\n        \n\n<h3 class=\"wp-block-heading alignwide\">TSX: NANO<\/h3>\n\n\n\n<div data-qmod-tool=\"interactivechart\"\n    data-qmod-params='{\n  \"copyright\": false,\n  \"lang\": \"fr\",\n  \"symbol\": \"NANO:CA\",\n  \"chart\": {\n    \"colors\": [\n      \"#79AA39\",\n      \"#E361CF\",\n      \"#F7C34E\",\n      \"#EB6666\",\n      \"#7EC8E3\",\n      \"#8085e9\"\n    ],\n    \"upColor\": \"#008000\",\n    \"downColor\": \"#FF0000\",\n    \"chartType\": 0\n  },\n  \"crosshair\": false,\n  \"enableDaySpacing\": false,\n  \"volumeEnabled\": true,\n  \"volumeVisible\": true,\n  \"chartTypeEnabled\": false,\n  \"marketSessionEnabled\": false,\n  \"adjTypeEnabled\": false,\n  \"compareOptionsEnabled\": false,\n  \"compareEnabled\": false,\n  \"eventsEnabled\": false,\n  \"dateRange\": 6,\n  \"marketSession\": 1,\n  \"compareOption\": 0,\n  \"adjType\": 0,\n  \"titleOffset\": 20,\n  \"yAxisLabelOffset\": 50,\n  \"yAxisLabelEnabled\": true,\n  \"xAxisTickSpace\": 135,\n  \"xAxisShowFirstLabel\": true,\n  \"xAxisShowLastLabel\": true,\n  \"xAxisStaggerLines\": 0,\n  \"xAxisLabelRotation\": 0,\n  \"nonRemovable\": 1,\n  \"maxCompareSymbols\": 5,\n  \"navigatorEnabled\": true,\n  \"startDate\": null,\n  \"enable20yr\": false,\n  \"enable30yr\": false,\n  \"zoomtype\": \"x\",\n  \"eventEnabled\": null,\n  \"windowEventName\": null,\n  \"showTopBar\": false,\n  \"smartLookup\": {\n    \"search\": \"both\",\n    \"placeholderText\": \"\",\n    \"helpForwardURL\": \"http:\/\/www.quotemedia.com\/quotetools\/symbolHelp\/SymbolHelp_US_Version_Default.html\",\n    \"helpForwardURL_fr\": \"http:\/\/www.quotemedia.com\/quotetools\/symbolHelp\/SymbolHelp_Default_French.html\",\n    \"urlTarget\": \"_blank\",\n    \"showDelay\": 150,\n    \"symbology\": \"US\",\n    \"showAdvanced\": false,\n    \"showCancel\": true,\n    \"symbolType\": true,\n    \"plusIcon\": false\n  }\n    }'\n    class=\"qtool alignwide\"><\/div>\n\n\n\n<div data-qmod-tool=\"detailedquotetab\"\n                        data-qmod-params='{\"lang\":\"fr\",\"showLogo\":false,\"lowHigh\":false,\"symbol\":\"NANO:CA\",\"floatadv\":false}'\n                        class=\"qtool alignwide\"><\/div>\n\n\n\n<p class=\"has-text-align-center\"><sub><a href=\"https:\/\/www.quotemedia.com\/coverage\">Financial Market Data<\/a>\u00a9 2023 <a href=\"https:\/\/www.quotemedia.com\/\">QuoteMedia<\/a>. Donn\u00e9es diff\u00e9r\u00e9es de 15\u202fminutes sauf indication contraire (voir <a href=\"https:\/\/www.quotemedia.com\/legal\/tos\/#times\">les d\u00e9lais<\/a> pour toutes les bourses).<\/sub><br><sub>RT=Real-Time (temps r\u00e9el), EOD=End of Day (fin de la journ\u00e9e), PD=Previous Day (journ\u00e9e pr\u00e9c\u00e9dente) <a href=\"https:\/\/www.quotemedia.com\/coverage\">Donn\u00e9es<\/a> du march\u00e9 activ\u00e9es par <a href=\"https:\/\/www.quotemedia.com\/\">QuoteMedia<\/a>. <a href=\"https:\/\/www.quotemedia.com\/legal\/tos\/\">Conditions d&rsquo;utilisation.<\/a><\/sub><\/p>\n\n\n\n<script\n    id=\"qmod\"\n    type=\"application\/javascript\"\n    src=\"https:\/\/qmod.quotemedia.com\/js\/qmodLoader.js\"\n    data-qmod-wmid=\"104779\"\n><\/script>\n\n\n    <\/div>\n<\/div>","protected":false},"excerpt":{"rendered":"","protected":false},"author":2,"featured_media":0,"parent":4222,"menu_order":0,"comment_status":"closed","ping_status":"closed","template":"template-empty.php","meta":{"_acf_changed":false,"footnotes":""},"class_list":["post-4233","page","type-page","status-publish","hentry"],"acf":[],"yoast_head":"<!-- This site is optimized with the Yoast SEO plugin v27.1.1 - https:\/\/yoast.com\/product\/yoast-seo-wordpress\/ -->\n<title>Nano One\u00ae Info boursi\u00e8re | TSX: NANO | FF: LBMB | OTC: NNOMF<\/title>\n<meta name=\"description\" content=\"Access up-to-date stock info for Nano One\u00ae (TSX: NANO | FF: LBMB | OTC: NNOMF), including stock price, share structure, analyst coverage, and company news here.\" \/>\n<meta name=\"robots\" content=\"index, follow, max-snippet:-1, max-image-preview:large, max-video-preview:-1\" \/>\n<link rel=\"canonical\" href=\"https:\/\/nanoone.ca\/fr\/investors\/stock-info\/\" \/>\n<meta property=\"og:locale\" content=\"fr_FR\" \/>\n<meta property=\"og:type\" content=\"article\" \/>\n<meta property=\"og:title\" content=\"Nano One\u00ae Info boursi\u00e8re | TSX: NANO | FF: LBMB | OTC: NNOMF\" \/>\n<meta property=\"og:description\" content=\"Access up-to-date stock info for Nano One\u00ae (TSX: NANO | FF: LBMB | OTC: NNOMF), including stock price, share structure, analyst coverage, and company news here.\" \/>\n<meta property=\"og:url\" content=\"https:\/\/nanoone.ca\/fr\/investors\/stock-info\/\" \/>\n<meta property=\"og:site_name\" content=\"Nano One\u00ae\" \/>\n<meta property=\"article:modified_time\" content=\"2024-01-24T23:44:14+00:00\" \/>\n<meta name=\"twitter:card\" content=\"summary_large_image\" \/>\n<meta name=\"twitter:site\" content=\"@NanoOne_NANO\" \/>\n<script type=\"application\/ld+json\" class=\"yoast-schema-graph\">{\"@context\":\"https:\/\/schema.org\",\"@graph\":[{\"@type\":\"WebPage\",\"@id\":\"https:\/\/nanoone.ca\/fr\/investors\/stock-info\/\",\"url\":\"https:\/\/nanoone.ca\/fr\/investors\/stock-info\/\",\"name\":\"Nano One\u00ae Info boursi\u00e8re | TSX: NANO | FF: LBMB | OTC: NNOMF\",\"isPartOf\":{\"@id\":\"https:\/\/nanoone.ca\/#website\"},\"datePublished\":\"2023-09-08T04:55:04+00:00\",\"dateModified\":\"2024-01-24T23:44:14+00:00\",\"description\":\"Access up-to-date stock info for Nano One\u00ae (TSX: NANO | FF: LBMB | OTC: NNOMF), including stock price, share structure, analyst coverage, and company news here.\",\"breadcrumb\":{\"@id\":\"https:\/\/nanoone.ca\/fr\/investors\/stock-info\/#breadcrumb\"},\"inLanguage\":\"fr-FR\",\"potentialAction\":[{\"@type\":\"ReadAction\",\"target\":[\"https:\/\/nanoone.ca\/fr\/investors\/stock-info\/\"]}]},{\"@type\":\"BreadcrumbList\",\"@id\":\"https:\/\/nanoone.ca\/fr\/investors\/stock-info\/#breadcrumb\",\"itemListElement\":[{\"@type\":\"ListItem\",\"position\":1,\"name\":\"Home\",\"item\":\"https:\/\/nanoone.ca\/fr\/\"},{\"@type\":\"ListItem\",\"position\":2,\"name\":\"Investisseurs\u00a0\",\"item\":\"https:\/\/nanoone.ca\/fr\/investors\/\"},{\"@type\":\"ListItem\",\"position\":3,\"name\":\"Info boursi\u00e8re\"}]},{\"@type\":\"WebSite\",\"@id\":\"https:\/\/nanoone.ca\/#website\",\"url\":\"https:\/\/nanoone.ca\/\",\"name\":\"Nano One\u00ae\",\"description\":\"Changing How the World Makes Battery Materials\",\"publisher\":{\"@id\":\"https:\/\/nanoone.ca\/#organization\"},\"alternateName\":\"Nano One\u00ae\",\"potentialAction\":[{\"@type\":\"SearchAction\",\"target\":{\"@type\":\"EntryPoint\",\"urlTemplate\":\"https:\/\/nanoone.ca\/?s={search_term_string}\"},\"query-input\":{\"@type\":\"PropertyValueSpecification\",\"valueRequired\":true,\"valueName\":\"search_term_string\"}}],\"inLanguage\":\"fr-FR\"},{\"@type\":\"Organization\",\"@id\":\"https:\/\/nanoone.ca\/#organization\",\"name\":\"Nano One\u00ae\",\"alternateName\":\"Nano One\u00ae\",\"url\":\"https:\/\/nanoone.ca\/\",\"logo\":{\"@type\":\"ImageObject\",\"inLanguage\":\"fr-FR\",\"@id\":\"https:\/\/nanoone.ca\/#\/schema\/logo\/image\/\",\"url\":\"https:\/\/nanoone.ca\/wp-content\/uploads\/2023\/08\/logo.svg\",\"contentUrl\":\"https:\/\/nanoone.ca\/wp-content\/uploads\/2023\/08\/logo.svg\",\"width\":362,\"height\":124,\"caption\":\"Nano One\u00ae\"},\"image\":{\"@id\":\"https:\/\/nanoone.ca\/#\/schema\/logo\/image\/\"},\"sameAs\":[\"https:\/\/x.com\/NanoOne_NANO\",\"https:\/\/www.linkedin.com\/company\/nanoone\/\"]}]}<\/script>\n<!-- \/ Yoast SEO plugin. -->","yoast_head_json":{"title":"Nano One\u00ae Info boursi\u00e8re | TSX: NANO | FF: LBMB | OTC: NNOMF","description":"Access up-to-date stock info for Nano One\u00ae (TSX: NANO | FF: LBMB | OTC: NNOMF), including stock price, share structure, analyst coverage, and company news here.","robots":{"index":"index","follow":"follow","max-snippet":"max-snippet:-1","max-image-preview":"max-image-preview:large","max-video-preview":"max-video-preview:-1"},"canonical":"https:\/\/nanoone.ca\/fr\/investors\/stock-info\/","og_locale":"fr_FR","og_type":"article","og_title":"Nano One\u00ae Info boursi\u00e8re | TSX: NANO | FF: LBMB | OTC: NNOMF","og_description":"Access up-to-date stock info for Nano One\u00ae (TSX: NANO | FF: LBMB | OTC: NNOMF), including stock price, share structure, analyst coverage, and company news here.","og_url":"https:\/\/nanoone.ca\/fr\/investors\/stock-info\/","og_site_name":"Nano One\u00ae","article_modified_time":"2024-01-24T23:44:14+00:00","twitter_card":"summary_large_image","twitter_site":"@NanoOne_NANO","schema":{"@context":"https:\/\/schema.org","@graph":[{"@type":"WebPage","@id":"https:\/\/nanoone.ca\/fr\/investors\/stock-info\/","url":"https:\/\/nanoone.ca\/fr\/investors\/stock-info\/","name":"Nano One\u00ae Info boursi\u00e8re | TSX: NANO | FF: LBMB | OTC: NNOMF","isPartOf":{"@id":"https:\/\/nanoone.ca\/#website"},"datePublished":"2023-09-08T04:55:04+00:00","dateModified":"2024-01-24T23:44:14+00:00","description":"Access up-to-date stock info for Nano One\u00ae (TSX: NANO | FF: LBMB | OTC: NNOMF), including stock price, share structure, analyst coverage, and company news here.","breadcrumb":{"@id":"https:\/\/nanoone.ca\/fr\/investors\/stock-info\/#breadcrumb"},"inLanguage":"fr-FR","potentialAction":[{"@type":"ReadAction","target":["https:\/\/nanoone.ca\/fr\/investors\/stock-info\/"]}]},{"@type":"BreadcrumbList","@id":"https:\/\/nanoone.ca\/fr\/investors\/stock-info\/#breadcrumb","itemListElement":[{"@type":"ListItem","position":1,"name":"Home","item":"https:\/\/nanoone.ca\/fr\/"},{"@type":"ListItem","position":2,"name":"Investisseurs\u00a0","item":"https:\/\/nanoone.ca\/fr\/investors\/"},{"@type":"ListItem","position":3,"name":"Info boursi\u00e8re"}]},{"@type":"WebSite","@id":"https:\/\/nanoone.ca\/#website","url":"https:\/\/nanoone.ca\/","name":"Nano One\u00ae","description":"Changing How the World Makes Battery Materials","publisher":{"@id":"https:\/\/nanoone.ca\/#organization"},"alternateName":"Nano One\u00ae","potentialAction":[{"@type":"SearchAction","target":{"@type":"EntryPoint","urlTemplate":"https:\/\/nanoone.ca\/?s={search_term_string}"},"query-input":{"@type":"PropertyValueSpecification","valueRequired":true,"valueName":"search_term_string"}}],"inLanguage":"fr-FR"},{"@type":"Organization","@id":"https:\/\/nanoone.ca\/#organization","name":"Nano One\u00ae","alternateName":"Nano One\u00ae","url":"https:\/\/nanoone.ca\/","logo":{"@type":"ImageObject","inLanguage":"fr-FR","@id":"https:\/\/nanoone.ca\/#\/schema\/logo\/image\/","url":"https:\/\/nanoone.ca\/wp-content\/uploads\/2023\/08\/logo.svg","contentUrl":"https:\/\/nanoone.ca\/wp-content\/uploads\/2023\/08\/logo.svg","width":362,"height":124,"caption":"Nano One\u00ae"},"image":{"@id":"https:\/\/nanoone.ca\/#\/schema\/logo\/image\/"},"sameAs":["https:\/\/x.com\/NanoOne_NANO","https:\/\/www.linkedin.com\/company\/nanoone\/"]}]}},"_links":{"self":[{"href":"https:\/\/nanoone.ca\/fr\/wp-json\/wp\/v2\/pages\/4233","targetHints":{"allow":["GET"]}}],"collection":[{"href":"https:\/\/nanoone.ca\/fr\/wp-json\/wp\/v2\/pages"}],"about":[{"href":"https:\/\/nanoone.ca\/fr\/wp-json\/wp\/v2\/types\/page"}],"author":[{"embeddable":true,"href":"https:\/\/nanoone.ca\/fr\/wp-json\/wp\/v2\/users\/2"}],"replies":[{"embeddable":true,"href":"https:\/\/nanoone.ca\/fr\/wp-json\/wp\/v2\/comments?post=4233"}],"version-history":[{"count":22,"href":"https:\/\/nanoone.ca\/fr\/wp-json\/wp\/v2\/pages\/4233\/revisions"}],"predecessor-version":[{"id":10041,"href":"https:\/\/nanoone.ca\/fr\/wp-json\/wp\/v2\/pages\/4233\/revisions\/10041"}],"up":[{"embeddable":true,"href":"https:\/\/nanoone.ca\/fr\/wp-json\/wp\/v2\/pages\/4222"}],"wp:attachment":[{"href":"https:\/\/nanoone.ca\/fr\/wp-json\/wp\/v2\/media?parent=4233"}],"curies":[{"name":"wp","href":"https:\/\/api.w.org\/{rel}","templated":true}]}}