{"id":4242,"date":"2023-09-29T20:46:10","date_gmt":"2023-09-30T03:46:10","guid":{"rendered":"https:\/\/nanoone.ca\/our-facilities\/"},"modified":"2024-01-22T15:10:36","modified_gmt":"2024-01-22T23:10:36","slug":"our-facilities","status":"publish","type":"page","link":"https:\/\/nanoone.ca\/fr\/our-facilities\/","title":{"rendered":"Installations"},"content":{"rendered":"\r\n<div  class=\"page-hero alignfull\"  id=\"block_e9f5087f75c78c2f0a7e47d71753ed49\"  data-color-scheme=\"dark\" data-content-width=\"secondary\">\r\n\t                        <div class=\"page-hero-media\">\r\n            <div class=\"page-hero-image\">\r\n\t\t\t\t<img decoding=\"async\" width=\"1531\" height=\"1002\" data-src=\"https:\/\/nanoone.ca\/wp-content\/uploads\/2023\/08\/gallery-demo-5.jpg\" class=\"attachment-full size-full lazyload\" alt=\"\" data-srcset=\"https:\/\/nanoone.ca\/wp-content\/uploads\/2023\/08\/gallery-demo-5.jpg 1531w, https:\/\/nanoone.ca\/wp-content\/uploads\/2023\/08\/gallery-demo-5-300x196.jpg 300w, https:\/\/nanoone.ca\/wp-content\/uploads\/2023\/08\/gallery-demo-5-1024x670.jpg 1024w, https:\/\/nanoone.ca\/wp-content\/uploads\/2023\/08\/gallery-demo-5-768x503.jpg 768w\" data-sizes=\"(max-width: 1531px) 100vw, 1531px\" src=\"data:image\/svg+xml;base64,PHN2ZyB3aWR0aD0iMSIgaGVpZ2h0PSIxIiB4bWxucz0iaHR0cDovL3d3dy53My5vcmcvMjAwMC9zdmciPjwvc3ZnPg==\" style=\"--smush-placeholder-width: 1531px; --smush-placeholder-aspect-ratio: 1531\/1002;\" \/>            <\/div>\r\n        <\/div>\r\n            \t<div class=\"page-hero-wrapper\">\r\n\t\t<div class=\"page-hero-inner\">\r\n\t\t\t\t\t\t<ul class=\"page-hero-breadcrumbs\">\r\n\t\t\t\t\t\t\t\t\t\t\t\t\t\t<li>\r\n\t\t\t\t\t\t\t\t\t\t\t\t\t\r\n\t\t\t\t\t\t\t\t\t\t\t\t\t\t<a href=\"https:\/\/nanoone.ca\/fr\/\" target=\"_self\" aria-label=\"Accueil\">\r\n\t\t\t\t\t\t\t\tAccueil\t\t\t\t\t\t\t<\/a>\r\n\t\t\t\t\t\t\t\t\t\t\t\t\t\t\t\t\t\t<\/li>\r\n\t\t\t\t\t\t\t\t\t\t\t\t\t\t<li>\r\n\t\t\t\t\t\t\t\t\t\t\t\t<span>\r\n\t\t\t\t\t\t\tInstallations\t\t\t\t\t\t<\/span>\r\n\t\t\t\t\t\t\t\t\t\t\t<\/li>\r\n\t\t\t\t\t\t\t<\/ul>\r\n\t\t\t\r\n\t\t\t\r\n\t\t\t\t\t\t<h1 class=\"page-hero-title\">\r\n\t\t\t\tInstallations\n\t\t\t<\/h1>\r\n\t\t\t\r\n\t\t\t\r\n\t\t\t\t\t<\/div>\r\n\t<\/div>\r\n<\/div>\r\n\n\n\n<div  class=\"section-background alignfull\"  id=\"block_e4fd2795e826af7c57181de39c6c775c\"  data-color-scheme=\"dark\">\n    <div class=\"blocks-container\">\n        \n\n<section  class=\"content-with-media alignwide\"  id=\"block_db6d883ba806af00581d951ac40e8eae\"  data-text-font-size=\"regular\"  data-style=\"default\"  data-media-type=\"image\" data-media-position=\"left\">\n    <div class=\"content-with-media-media\" data-animation>\n                                            <div class=\"content-with-media-image\">\n\t\t\t\t<img decoding=\"async\" width=\"1359\" height=\"985\" data-src=\"https:\/\/nanoone.ca\/wp-content\/uploads\/2023\/08\/gallery-demo-6.jpg\" class=\"attachment-full size-full lazyload\" alt=\"\" data-srcset=\"https:\/\/nanoone.ca\/wp-content\/uploads\/2023\/08\/gallery-demo-6.jpg 1359w, https:\/\/nanoone.ca\/wp-content\/uploads\/2023\/08\/gallery-demo-6-300x217.jpg 300w, https:\/\/nanoone.ca\/wp-content\/uploads\/2023\/08\/gallery-demo-6-1024x742.jpg 1024w, https:\/\/nanoone.ca\/wp-content\/uploads\/2023\/08\/gallery-demo-6-768x557.jpg 768w\" data-sizes=\"(max-width: 1359px) 100vw, 1359px\" src=\"data:image\/svg+xml;base64,PHN2ZyB3aWR0aD0iMSIgaGVpZ2h0PSIxIiB4bWxucz0iaHR0cDovL3d3dy53My5vcmcvMjAwMC9zdmciPjwvc3ZnPg==\" style=\"--smush-placeholder-width: 1359px; --smush-placeholder-aspect-ratio: 1359\/985;\" \/>            <\/div>\n                                                <\/div>\n    <div class=\"content-with-media-content\" data-animation>\n                \n                <div class=\"eyebrow content-with-media-eyebrow\">\n            Burnaby, BC        <\/div>\n        \n                                    <h2 class=\"content-with-media-title\">\n                    Le Centre d\u2019innovation                <\/h2>\n                    \n        \n                <div class=\"content-with-media-text\">\n            <p>Notre si\u00e8ge social et notre Centre d\u2019innovation se trouvent \u00e0 Burnaby, en Colombie-Britannique. Depuis\u00a010\u00a0ans, nous mettons au point une nouvelle g\u00e9n\u00e9ration de mat\u00e9riaux actifs de cathode (CAM) qui r\u00e9duit les co\u00fbts et la complexit\u00e9 de la production, tout en am\u00e9liorant l\u2019empreinte environnementale et la r\u00e9silience de la cha\u00eene d\u2019approvisionnement.<\/p>\n        <\/div>\n        \n        \n                <div class=\"content-with-media-buttons\">\n                                    <a class=\"primary-button content-with-media-button\" href=\"https:\/\/nanoone.ca\/fr\/our-facilities\/innovation-hub\/\" target=\"_self\" aria-label=\"En savoir plus\">\n                En savoir plus            <\/a>\n            \n                        \n                                <\/div>\n            <\/div>\n<\/section>\n\n    <\/div>\n<\/div>\n\n\n<section  class=\"content-with-media alignwide\"  id=\"block_1c7036eaaff3007291b7f89f786c597b\"  data-text-font-size=\"regular\"  data-style=\"default\"  data-media-type=\"image\" data-media-position=\"right\">\n    <div class=\"content-with-media-media\" data-animation>\n                                            <div class=\"content-with-media-image\">\n\t\t\t\t<img decoding=\"async\" width=\"2048\" height=\"1365\" data-src=\"https:\/\/nanoone.ca\/wp-content\/uploads\/2023\/11\/nano-candiac-building.jpg\" class=\"attachment-full size-full lazyload\" alt=\"\" data-srcset=\"https:\/\/nanoone.ca\/wp-content\/uploads\/2023\/11\/nano-candiac-building.jpg 2048w, https:\/\/nanoone.ca\/wp-content\/uploads\/2023\/11\/nano-candiac-building-300x200.jpg 300w, https:\/\/nanoone.ca\/wp-content\/uploads\/2023\/11\/nano-candiac-building-1024x683.jpg 1024w, https:\/\/nanoone.ca\/wp-content\/uploads\/2023\/11\/nano-candiac-building-768x512.jpg 768w, https:\/\/nanoone.ca\/wp-content\/uploads\/2023\/11\/nano-candiac-building-1536x1024.jpg 1536w\" data-sizes=\"(max-width: 2048px) 100vw, 2048px\" src=\"data:image\/svg+xml;base64,PHN2ZyB3aWR0aD0iMSIgaGVpZ2h0PSIxIiB4bWxucz0iaHR0cDovL3d3dy53My5vcmcvMjAwMC9zdmciPjwvc3ZnPg==\" style=\"--smush-placeholder-width: 2048px; --smush-placeholder-aspect-ratio: 2048\/1365;\" \/>            <\/div>\n                                                <\/div>\n    <div class=\"content-with-media-content\" data-animation>\n                \n                <div class=\"eyebrow content-with-media-eyebrow\">\n            Candiac, Qu\u00e9bec        <\/div>\n        \n                                    <h2 class=\"content-with-media-title\">\n                    Le Centre de commercialisation                <\/h2>\n                    \n        \n                <div class=\"content-with-media-text\">\n            <p><span class=\"TextRun SCXW157874240 BCX0\" lang=\"FR-CA\" xml:lang=\"FR-CA\" data-contrast=\"none\"><span class=\"NormalTextRun SCXW157874240 BCX0\">Notre usine de fabrication de cathodes One-Pot est situ\u00e9e \u00e0 Candiac, au Qu\u00e9bec. Il s\u2019agit de la seule usine de production de LFP en Am\u00e9rique du Nord. Le Qu\u00e9bec dispose de la bonne combinaison de choses : les mati\u00e8res premi\u00e8res, un emplacement strat\u00e9gique, une \u00e9nergie verte<\/span><span class=\"NormalTextRun SCXW157874240 BCX0\">, une main-d\u2019\u0153uvre exp\u00e9riment\u00e9e et un environnement propice \u00e0 la croissance qui s\u2019est construit au cours des 30 derni\u00e8res ann\u00e9es.<\/span><\/span><\/p>\n        <\/div>\n        \n        \n                <div class=\"content-with-media-buttons\">\n                                    <a class=\"primary-button content-with-media-button\" href=\"https:\/\/nanoone.ca\/fr\/our-facilities\/commercialization-hub\/\" target=\"_self\" aria-label=\"En savoir plus\">\n                En savoir plus            <\/a>\n            \n                        \n                                <\/div>\n            <\/div>\n<\/section>","protected":false},"excerpt":{"rendered":"","protected":false},"author":1,"featured_media":0,"parent":0,"menu_order":0,"comment_status":"closed","ping_status":"closed","template":"template-empty.php","meta":{"_acf_changed":false,"footnotes":""},"class_list":["post-4242","page","type-page","status-publish","hentry"],"acf":[],"yoast_head":"<!-- This site is optimized with the Yoast SEO plugin v27.3 - https:\/\/yoast.com\/product\/yoast-seo-wordpress\/ -->\n<title>Installations | Nano One\u00ae | TSX: NANO | FF: LBMB | OTC: NNOMF<\/title>\n<meta name=\"description\" content=\"Explore Nano One\u00ae&#039;s (TSX: NANO) flagship Innovation Hub and Commercialization Hubs. We&#039;re creating a new energy supply chain that&#039;s localized, sustainable, and economic.\" \/>\n<meta name=\"robots\" content=\"index, follow, max-snippet:-1, max-image-preview:large, max-video-preview:-1\" \/>\n<link rel=\"canonical\" href=\"https:\/\/nanoone.ca\/fr\/our-facilities\/\" \/>\n<meta property=\"og:locale\" content=\"fr_FR\" \/>\n<meta property=\"og:type\" content=\"article\" \/>\n<meta property=\"og:title\" content=\"Installations | Nano One\u00ae | TSX: NANO | FF: LBMB | OTC: NNOMF\" \/>\n<meta property=\"og:description\" content=\"Explore Nano One\u00ae&#039;s (TSX: NANO) flagship Innovation Hub and Commercialization Hubs. We&#039;re creating a new energy supply chain that&#039;s localized, sustainable, and economic.\" \/>\n<meta property=\"og:url\" content=\"https:\/\/nanoone.ca\/fr\/our-facilities\/\" \/>\n<meta property=\"og:site_name\" content=\"Nano One\u00ae\" \/>\n<meta property=\"article:modified_time\" content=\"2024-01-22T23:10:36+00:00\" \/>\n<meta name=\"twitter:card\" content=\"summary_large_image\" \/>\n<meta name=\"twitter:site\" content=\"@NanoOne_NANO\" \/>\n<script type=\"application\/ld+json\" class=\"yoast-schema-graph\">{\"@context\":\"https:\\\/\\\/schema.org\",\"@graph\":[{\"@type\":\"WebPage\",\"@id\":\"https:\\\/\\\/nanoone.ca\\\/fr\\\/our-facilities\\\/\",\"url\":\"https:\\\/\\\/nanoone.ca\\\/fr\\\/our-facilities\\\/\",\"name\":\"Installations | Nano One\u00ae | TSX: NANO | FF: LBMB | OTC: NNOMF\",\"isPartOf\":{\"@id\":\"https:\\\/\\\/nanoone.ca\\\/#website\"},\"datePublished\":\"2023-09-30T03:46:10+00:00\",\"dateModified\":\"2024-01-22T23:10:36+00:00\",\"description\":\"Explore Nano One\u00ae's (TSX: NANO) flagship Innovation Hub and Commercialization Hubs. We're creating a new energy supply chain that's localized, sustainable, and economic.\",\"breadcrumb\":{\"@id\":\"https:\\\/\\\/nanoone.ca\\\/fr\\\/our-facilities\\\/#breadcrumb\"},\"inLanguage\":\"fr-FR\",\"potentialAction\":[{\"@type\":\"ReadAction\",\"target\":[\"https:\\\/\\\/nanoone.ca\\\/fr\\\/our-facilities\\\/\"]}]},{\"@type\":\"BreadcrumbList\",\"@id\":\"https:\\\/\\\/nanoone.ca\\\/fr\\\/our-facilities\\\/#breadcrumb\",\"itemListElement\":[{\"@type\":\"ListItem\",\"position\":1,\"name\":\"Home\",\"item\":\"https:\\\/\\\/nanoone.ca\\\/fr\\\/\"},{\"@type\":\"ListItem\",\"position\":2,\"name\":\"Installations\"}]},{\"@type\":\"WebSite\",\"@id\":\"https:\\\/\\\/nanoone.ca\\\/#website\",\"url\":\"https:\\\/\\\/nanoone.ca\\\/\",\"name\":\"Nano One\u00ae\",\"description\":\"Changing How the World Makes Battery Materials\",\"publisher\":{\"@id\":\"https:\\\/\\\/nanoone.ca\\\/#organization\"},\"alternateName\":\"Nano One\u00ae\",\"potentialAction\":[{\"@type\":\"SearchAction\",\"target\":{\"@type\":\"EntryPoint\",\"urlTemplate\":\"https:\\\/\\\/nanoone.ca\\\/?s={search_term_string}\"},\"query-input\":{\"@type\":\"PropertyValueSpecification\",\"valueRequired\":true,\"valueName\":\"search_term_string\"}}],\"inLanguage\":\"fr-FR\"},{\"@type\":\"Organization\",\"@id\":\"https:\\\/\\\/nanoone.ca\\\/#organization\",\"name\":\"Nano One\u00ae\",\"alternateName\":\"Nano One\u00ae\",\"url\":\"https:\\\/\\\/nanoone.ca\\\/\",\"logo\":{\"@type\":\"ImageObject\",\"inLanguage\":\"fr-FR\",\"@id\":\"https:\\\/\\\/nanoone.ca\\\/#\\\/schema\\\/logo\\\/image\\\/\",\"url\":\"https:\\\/\\\/nanoone.ca\\\/wp-content\\\/uploads\\\/2023\\\/08\\\/logo.svg\",\"contentUrl\":\"https:\\\/\\\/nanoone.ca\\\/wp-content\\\/uploads\\\/2023\\\/08\\\/logo.svg\",\"width\":362,\"height\":124,\"caption\":\"Nano One\u00ae\"},\"image\":{\"@id\":\"https:\\\/\\\/nanoone.ca\\\/#\\\/schema\\\/logo\\\/image\\\/\"},\"sameAs\":[\"https:\\\/\\\/x.com\\\/NanoOne_NANO\",\"https:\\\/\\\/www.linkedin.com\\\/company\\\/nanoone\\\/\"]}]}<\/script>\n<!-- \/ Yoast SEO plugin. -->","yoast_head_json":{"title":"Installations | Nano One\u00ae | TSX: NANO | FF: LBMB | OTC: NNOMF","description":"Explore Nano One\u00ae's (TSX: NANO) flagship Innovation Hub and Commercialization Hubs. We're creating a new energy supply chain that's localized, sustainable, and economic.","robots":{"index":"index","follow":"follow","max-snippet":"max-snippet:-1","max-image-preview":"max-image-preview:large","max-video-preview":"max-video-preview:-1"},"canonical":"https:\/\/nanoone.ca\/fr\/our-facilities\/","og_locale":"fr_FR","og_type":"article","og_title":"Installations | Nano One\u00ae | TSX: NANO | FF: LBMB | OTC: NNOMF","og_description":"Explore Nano One\u00ae's (TSX: NANO) flagship Innovation Hub and Commercialization Hubs. We're creating a new energy supply chain that's localized, sustainable, and economic.","og_url":"https:\/\/nanoone.ca\/fr\/our-facilities\/","og_site_name":"Nano One\u00ae","article_modified_time":"2024-01-22T23:10:36+00:00","twitter_card":"summary_large_image","twitter_site":"@NanoOne_NANO","schema":{"@context":"https:\/\/schema.org","@graph":[{"@type":"WebPage","@id":"https:\/\/nanoone.ca\/fr\/our-facilities\/","url":"https:\/\/nanoone.ca\/fr\/our-facilities\/","name":"Installations | Nano One\u00ae | TSX: NANO | FF: LBMB | OTC: NNOMF","isPartOf":{"@id":"https:\/\/nanoone.ca\/#website"},"datePublished":"2023-09-30T03:46:10+00:00","dateModified":"2024-01-22T23:10:36+00:00","description":"Explore Nano One\u00ae's (TSX: NANO) flagship Innovation Hub and Commercialization Hubs. We're creating a new energy supply chain that's localized, sustainable, and economic.","breadcrumb":{"@id":"https:\/\/nanoone.ca\/fr\/our-facilities\/#breadcrumb"},"inLanguage":"fr-FR","potentialAction":[{"@type":"ReadAction","target":["https:\/\/nanoone.ca\/fr\/our-facilities\/"]}]},{"@type":"BreadcrumbList","@id":"https:\/\/nanoone.ca\/fr\/our-facilities\/#breadcrumb","itemListElement":[{"@type":"ListItem","position":1,"name":"Home","item":"https:\/\/nanoone.ca\/fr\/"},{"@type":"ListItem","position":2,"name":"Installations"}]},{"@type":"WebSite","@id":"https:\/\/nanoone.ca\/#website","url":"https:\/\/nanoone.ca\/","name":"Nano One\u00ae","description":"Changing How the World Makes Battery Materials","publisher":{"@id":"https:\/\/nanoone.ca\/#organization"},"alternateName":"Nano One\u00ae","potentialAction":[{"@type":"SearchAction","target":{"@type":"EntryPoint","urlTemplate":"https:\/\/nanoone.ca\/?s={search_term_string}"},"query-input":{"@type":"PropertyValueSpecification","valueRequired":true,"valueName":"search_term_string"}}],"inLanguage":"fr-FR"},{"@type":"Organization","@id":"https:\/\/nanoone.ca\/#organization","name":"Nano One\u00ae","alternateName":"Nano One\u00ae","url":"https:\/\/nanoone.ca\/","logo":{"@type":"ImageObject","inLanguage":"fr-FR","@id":"https:\/\/nanoone.ca\/#\/schema\/logo\/image\/","url":"https:\/\/nanoone.ca\/wp-content\/uploads\/2023\/08\/logo.svg","contentUrl":"https:\/\/nanoone.ca\/wp-content\/uploads\/2023\/08\/logo.svg","width":362,"height":124,"caption":"Nano One\u00ae"},"image":{"@id":"https:\/\/nanoone.ca\/#\/schema\/logo\/image\/"},"sameAs":["https:\/\/x.com\/NanoOne_NANO","https:\/\/www.linkedin.com\/company\/nanoone\/"]}]}},"_links":{"self":[{"href":"https:\/\/nanoone.ca\/fr\/wp-json\/wp\/v2\/pages\/4242","targetHints":{"allow":["GET"]}}],"collection":[{"href":"https:\/\/nanoone.ca\/fr\/wp-json\/wp\/v2\/pages"}],"about":[{"href":"https:\/\/nanoone.ca\/fr\/wp-json\/wp\/v2\/types\/page"}],"author":[{"embeddable":true,"href":"https:\/\/nanoone.ca\/fr\/wp-json\/wp\/v2\/users\/1"}],"replies":[{"embeddable":true,"href":"https:\/\/nanoone.ca\/fr\/wp-json\/wp\/v2\/comments?post=4242"}],"version-history":[{"count":22,"href":"https:\/\/nanoone.ca\/fr\/wp-json\/wp\/v2\/pages\/4242\/revisions"}],"predecessor-version":[{"id":9466,"href":"https:\/\/nanoone.ca\/fr\/wp-json\/wp\/v2\/pages\/4242\/revisions\/9466"}],"wp:attachment":[{"href":"https:\/\/nanoone.ca\/fr\/wp-json\/wp\/v2\/media?parent=4242"}],"curies":[{"name":"wp","href":"https:\/\/api.w.org\/{rel}","templated":true}]}}