{"id":9325,"date":"2023-11-08T19:08:44","date_gmt":"2023-11-09T03:08:44","guid":{"rendered":"https:\/\/nanoone.ca\/investors\/analyst-coverage\/"},"modified":"2024-01-23T12:13:36","modified_gmt":"2024-01-23T20:13:36","slug":"analyst-coverage","status":"publish","type":"page","link":"https:\/\/nanoone.ca\/fr\/investors\/analyst-coverage\/","title":{"rendered":"Analyst Coverage"},"content":{"rendered":"\r\n<div  class=\"page-hero alignfull\"  id=\"block_19ebbbb59c1f57cbbc80c1cc1c2b5801\"  data-color-scheme=\"dark\" data-content-width=\"secondary\">\r\n\t                        <div class=\"page-hero-media\">\r\n            <div class=\"page-hero-image\">\r\n\t\t\t\t<img decoding=\"async\" width=\"2048\" height=\"1365\" data-src=\"https:\/\/nanoone.ca\/wp-content\/uploads\/2023\/11\/modern-sustainable-glass-office-building-exterior-2023-07-14-07-59-32-utc.jpg\" class=\"attachment-full size-full lazyload\" alt=\"\" data-srcset=\"https:\/\/nanoone.ca\/wp-content\/uploads\/2023\/11\/modern-sustainable-glass-office-building-exterior-2023-07-14-07-59-32-utc.jpg 2048w, https:\/\/nanoone.ca\/wp-content\/uploads\/2023\/11\/modern-sustainable-glass-office-building-exterior-2023-07-14-07-59-32-utc-300x200.jpg 300w, https:\/\/nanoone.ca\/wp-content\/uploads\/2023\/11\/modern-sustainable-glass-office-building-exterior-2023-07-14-07-59-32-utc-1024x683.jpg 1024w, https:\/\/nanoone.ca\/wp-content\/uploads\/2023\/11\/modern-sustainable-glass-office-building-exterior-2023-07-14-07-59-32-utc-768x512.jpg 768w, https:\/\/nanoone.ca\/wp-content\/uploads\/2023\/11\/modern-sustainable-glass-office-building-exterior-2023-07-14-07-59-32-utc-1536x1024.jpg 1536w\" data-sizes=\"(max-width: 2048px) 100vw, 2048px\" src=\"data:image\/svg+xml;base64,PHN2ZyB3aWR0aD0iMSIgaGVpZ2h0PSIxIiB4bWxucz0iaHR0cDovL3d3dy53My5vcmcvMjAwMC9zdmciPjwvc3ZnPg==\" style=\"--smush-placeholder-width: 2048px; --smush-placeholder-aspect-ratio: 2048\/1365;\" \/>            <\/div>\r\n        <\/div>\r\n            \t<div class=\"page-hero-wrapper\">\r\n\t\t<div class=\"page-hero-inner\">\r\n\t\t\t\t\t\t<ul class=\"page-hero-breadcrumbs\">\r\n\t\t\t\t\t\t\t\t\t\t\t\t\t\t<li>\r\n\t\t\t\t\t\t\t\t\t\t\t\t\t\r\n\t\t\t\t\t\t\t\t\t\t\t\t\t\t<a href=\"https:\/\/nanoone.ca\/fr\/\" target=\"_self\" aria-label=\"Accueil\">\r\n\t\t\t\t\t\t\t\tAccueil\t\t\t\t\t\t\t<\/a>\r\n\t\t\t\t\t\t\t\t\t\t\t\t\t\t\t\t\t\t<\/li>\r\n\t\t\t\t\t\t\t\t\t\t\t\t\t\t<li>\r\n\t\t\t\t\t\t\t\t\t\t\t\t\t\r\n\t\t\t\t\t\t\t\t\t\t\t\t\t\t<a href=\"https:\/\/nanoone.ca\/fr\/investors\/\" target=\"_self\" aria-label=\"Investisseurs\">\r\n\t\t\t\t\t\t\t\tInvestisseurs\t\t\t\t\t\t\t<\/a>\r\n\t\t\t\t\t\t\t\t\t\t\t\t\t\t\t\t\t\t<\/li>\r\n\t\t\t\t\t\t\t\t\t\t\t\t\t\t<li>\r\n\t\t\t\t\t\t\t\t\t\t\t\t<span>\r\n\t\t\t\t\t\t\tCouverture d\u2019analystes\t\t\t\t\t\t<\/span>\r\n\t\t\t\t\t\t\t\t\t\t\t<\/li>\r\n\t\t\t\t\t\t\t<\/ul>\r\n\t\t\t\r\n\t\t\t\r\n\t\t\t\t\t\t<h1 class=\"page-hero-title\">\r\n\t\t\t\tCouverture d\u2019analystes\n\t\t\t<\/h1>\r\n\t\t\t\r\n\t\t\t\r\n\t\t\t\t\t<\/div>\r\n\t<\/div>\r\n<\/div>\r\n\n\n\n<section  class=\"columns-with-content alignwide\"  id=\"block_c84dc073f58f94dbddd2fe6c5ed5cc0f\"  data-layout=\"4060\" data-vertical-align=\"top\">\n                    <div class=\"columns-with-content-column\" data-animation>\n            \n                        <h2 class=\"columns-with-content-column-title h2\">\n                Analyste            <\/h2>\n            \n            \n                    <\/div>\n                    <div class=\"columns-with-content-column\" data-animation>\n            \n            \n                        <div class=\"columns-with-content-column-content\" data-text-size=\"regular\">\n                <p>Nano One Materials Corp. est suivie par les analystes \u00e9num\u00e9r\u00e9s ci-dessous. Veuillez noter que toutes les opinions, estimations ou pr\u00e9visions concernant les performances de Nano One Materials Corp. faites par ces analystes sont les leurs et ne repr\u00e9sentent pas les opinions, pr\u00e9visions ou pronostics de Nano One Materials Corp. ou de sa direction. En faisant r\u00e9f\u00e9rence aux analyses ci-dessus, Nano One Materials Corp. ne signifie pas qu\u2019elle approuve ces informations, conclusions ou recommandations.<\/p>\n            <\/div>\n            \n                    <\/div>\n    <\/section>\n\n\n\n<section  class=\"contact-information-grid alignwide\"  id=\"block_03b840f510d1420cb6ef25366a3e45c0\" >\n                    <div class=\"contact-information-grid-item\" data-animation>\n                                        <div class=\"contact-information-grid-item-icon\">\n                                            <img decoding=\"async\" data-src=\"https:\/\/nanoone.ca\/wp-content\/uploads\/2023\/11\/tdsecurities.png\" alt=\"tdsecurities\" src=\"data:image\/svg+xml;base64,PHN2ZyB3aWR0aD0iMSIgaGVpZ2h0PSIxIiB4bWxucz0iaHR0cDovL3d3dy53My5vcmcvMjAwMC9zdmciPjwvc3ZnPg==\" class=\"lazyload\" style=\"--smush-placeholder-width: 276px; --smush-placeholder-aspect-ratio: 276\/75;\">\n                                    <\/div>\n                        \n                        <h3 class=\"contact-information-grid-item-title\">TD Cowen<\/h3>\n            \n                        <p class=\"contact-information-grid-item-content\">Aaron MacNeil<\/p>\n            \n                                    <ul class=\"contact-information-grid-item-contacts\">\n                                                                            <li>\n                        <a href=\"tel:14032921222\" target=\"_blank\">\n                            (403) 292-1222                        <\/a>\n                    <\/li>\n                                                                                                <li>\n                        <a href=\"mailto:aaron.macneil@tdsecurities.com\" target=\"_blank\">\n                            aaron.macneil@tdsecurities.com                        <\/a>\n                    <\/li>\n                                                <\/ul>\n                    <\/div>\n                    <div class=\"contact-information-grid-item\" data-animation>\n                                        <div class=\"contact-information-grid-item-icon\">\n                                            <img decoding=\"async\" data-src=\"https:\/\/nanoone.ca\/wp-content\/uploads\/2023\/11\/roth.png\" alt=\"roth\" src=\"data:image\/svg+xml;base64,PHN2ZyB3aWR0aD0iMSIgaGVpZ2h0PSIxIiB4bWxucz0iaHR0cDovL3d3dy53My5vcmcvMjAwMC9zdmciPjwvc3ZnPg==\" class=\"lazyload\" style=\"--smush-placeholder-width: 276px; --smush-placeholder-aspect-ratio: 276\/75;\">\n                                    <\/div>\n                        \n                        <h3 class=\"contact-information-grid-item-title\">Roth MKM<\/h3>\n            \n                        <p class=\"contact-information-grid-item-content\">Craig lrwin<\/p>\n            \n                                    <ul class=\"contact-information-grid-item-contacts\">\n                                                                            <li>\n                        <a href=\"tel:16463581910\" target=\"_blank\">\n                            (646) 358-1910                        <\/a>\n                    <\/li>\n                                                                                                <li>\n                        <a href=\"mailto:cirwin@roth.com\" target=\"_blank\">\n                            cirwin@roth.com                        <\/a>\n                    <\/li>\n                                                <\/ul>\n                    <\/div>\n                    <div class=\"contact-information-grid-item\" data-animation>\n                                        <div class=\"contact-information-grid-item-icon\">\n                                            <img decoding=\"async\" data-src=\"https:\/\/nanoone.ca\/wp-content\/uploads\/2023\/11\/webup-maxim.png\" alt=\"webup-maxim\" src=\"data:image\/svg+xml;base64,PHN2ZyB3aWR0aD0iMSIgaGVpZ2h0PSIxIiB4bWxucz0iaHR0cDovL3d3dy53My5vcmcvMjAwMC9zdmciPjwvc3ZnPg==\" class=\"lazyload\" style=\"--smush-placeholder-width: 276px; --smush-placeholder-aspect-ratio: 276\/75;\">\n                                    <\/div>\n                        \n                        <h3 class=\"contact-information-grid-item-title\">Maxim Group<\/h3>\n            \n                        <p class=\"contact-information-grid-item-content\">Tate Sullivan<\/p>\n            \n                                    <ul class=\"contact-information-grid-item-contacts\">\n                                                                            <li>\n                        <a href=\"tel:12128953527\" target=\"_blank\">\n                            (212) 895-3527                        <\/a>\n                    <\/li>\n                                                                                                <li>\n                        <a href=\"mailto:tsullivan@maximgrp.com\" target=\"_self\">\n                            tsullivan@maximgrp.com                        <\/a>\n                    <\/li>\n                                                <\/ul>\n                    <\/div>\n    <\/section>\n","protected":false},"excerpt":{"rendered":"","protected":false},"author":3,"featured_media":0,"parent":4222,"menu_order":0,"comment_status":"closed","ping_status":"closed","template":"template-empty.php","meta":{"_acf_changed":false,"footnotes":""},"class_list":["post-9325","page","type-page","status-publish","hentry"],"acf":[],"yoast_head":"<!-- This site is optimized with the Yoast SEO plugin v27.3 - https:\/\/yoast.com\/product\/yoast-seo-wordpress\/ -->\n<title>Analyst Coverage | Nano One\u00ae | TSX: NANO | FF: LBMB | OTC: NNOMF<\/title>\n<meta name=\"description\" content=\"Connect with Nano One\u00ae (TSX: NANO | FF: LBMB | OTC: NNOMF) in a city near you! Stay up-to-date on our company&#039;s past and upcoming investor events right here.\" \/>\n<meta name=\"robots\" content=\"index, follow, max-snippet:-1, max-image-preview:large, max-video-preview:-1\" \/>\n<link rel=\"canonical\" href=\"https:\/\/nanoone.ca\/fr\/investors\/analyst-coverage\/\" \/>\n<meta property=\"og:locale\" content=\"fr_FR\" \/>\n<meta property=\"og:type\" content=\"article\" \/>\n<meta property=\"og:title\" content=\"Analyst Coverage | Nano One\u00ae | TSX: NANO | FF: LBMB | OTC: NNOMF\" \/>\n<meta property=\"og:description\" content=\"Connect with Nano One\u00ae (TSX: NANO | FF: LBMB | OTC: NNOMF) in a city near you! Stay up-to-date on our company&#039;s past and upcoming investor events right here.\" \/>\n<meta property=\"og:url\" content=\"https:\/\/nanoone.ca\/fr\/investors\/analyst-coverage\/\" \/>\n<meta property=\"og:site_name\" content=\"Nano One\u00ae\" \/>\n<meta property=\"article:modified_time\" content=\"2024-01-23T20:13:36+00:00\" \/>\n<meta name=\"twitter:card\" content=\"summary_large_image\" \/>\n<meta name=\"twitter:site\" content=\"@NanoOne_NANO\" \/>\n<script type=\"application\/ld+json\" class=\"yoast-schema-graph\">{\"@context\":\"https:\\\/\\\/schema.org\",\"@graph\":[{\"@type\":\"WebPage\",\"@id\":\"https:\\\/\\\/nanoone.ca\\\/fr\\\/investors\\\/analyst-coverage\\\/\",\"url\":\"https:\\\/\\\/nanoone.ca\\\/fr\\\/investors\\\/analyst-coverage\\\/\",\"name\":\"Analyst Coverage | Nano One\u00ae | TSX: NANO | FF: LBMB | OTC: NNOMF\",\"isPartOf\":{\"@id\":\"https:\\\/\\\/nanoone.ca\\\/#website\"},\"datePublished\":\"2023-11-09T03:08:44+00:00\",\"dateModified\":\"2024-01-23T20:13:36+00:00\",\"description\":\"Connect with Nano One\u00ae (TSX: NANO | FF: LBMB | OTC: NNOMF) in a city near you! Stay up-to-date on our company's past and upcoming investor events right here.\",\"breadcrumb\":{\"@id\":\"https:\\\/\\\/nanoone.ca\\\/fr\\\/investors\\\/analyst-coverage\\\/#breadcrumb\"},\"inLanguage\":\"fr-FR\",\"potentialAction\":[{\"@type\":\"ReadAction\",\"target\":[\"https:\\\/\\\/nanoone.ca\\\/fr\\\/investors\\\/analyst-coverage\\\/\"]}]},{\"@type\":\"BreadcrumbList\",\"@id\":\"https:\\\/\\\/nanoone.ca\\\/fr\\\/investors\\\/analyst-coverage\\\/#breadcrumb\",\"itemListElement\":[{\"@type\":\"ListItem\",\"position\":1,\"name\":\"Home\",\"item\":\"https:\\\/\\\/nanoone.ca\\\/fr\\\/\"},{\"@type\":\"ListItem\",\"position\":2,\"name\":\"Investisseurs\u00a0\",\"item\":\"https:\\\/\\\/nanoone.ca\\\/fr\\\/investors\\\/\"},{\"@type\":\"ListItem\",\"position\":3,\"name\":\"Analyst Coverage\"}]},{\"@type\":\"WebSite\",\"@id\":\"https:\\\/\\\/nanoone.ca\\\/#website\",\"url\":\"https:\\\/\\\/nanoone.ca\\\/\",\"name\":\"Nano One\u00ae\",\"description\":\"Changing How the World Makes Battery Materials\",\"publisher\":{\"@id\":\"https:\\\/\\\/nanoone.ca\\\/#organization\"},\"alternateName\":\"Nano One\u00ae\",\"potentialAction\":[{\"@type\":\"SearchAction\",\"target\":{\"@type\":\"EntryPoint\",\"urlTemplate\":\"https:\\\/\\\/nanoone.ca\\\/?s={search_term_string}\"},\"query-input\":{\"@type\":\"PropertyValueSpecification\",\"valueRequired\":true,\"valueName\":\"search_term_string\"}}],\"inLanguage\":\"fr-FR\"},{\"@type\":\"Organization\",\"@id\":\"https:\\\/\\\/nanoone.ca\\\/#organization\",\"name\":\"Nano One\u00ae\",\"alternateName\":\"Nano One\u00ae\",\"url\":\"https:\\\/\\\/nanoone.ca\\\/\",\"logo\":{\"@type\":\"ImageObject\",\"inLanguage\":\"fr-FR\",\"@id\":\"https:\\\/\\\/nanoone.ca\\\/#\\\/schema\\\/logo\\\/image\\\/\",\"url\":\"https:\\\/\\\/nanoone.ca\\\/wp-content\\\/uploads\\\/2023\\\/08\\\/logo.svg\",\"contentUrl\":\"https:\\\/\\\/nanoone.ca\\\/wp-content\\\/uploads\\\/2023\\\/08\\\/logo.svg\",\"width\":362,\"height\":124,\"caption\":\"Nano One\u00ae\"},\"image\":{\"@id\":\"https:\\\/\\\/nanoone.ca\\\/#\\\/schema\\\/logo\\\/image\\\/\"},\"sameAs\":[\"https:\\\/\\\/x.com\\\/NanoOne_NANO\",\"https:\\\/\\\/www.linkedin.com\\\/company\\\/nanoone\\\/\"]}]}<\/script>\n<!-- \/ Yoast SEO plugin. -->","yoast_head_json":{"title":"Analyst Coverage | Nano One\u00ae | TSX: NANO | FF: LBMB | OTC: NNOMF","description":"Connect with Nano One\u00ae (TSX: NANO | FF: LBMB | OTC: NNOMF) in a city near you! Stay up-to-date on our company's past and upcoming investor events right here.","robots":{"index":"index","follow":"follow","max-snippet":"max-snippet:-1","max-image-preview":"max-image-preview:large","max-video-preview":"max-video-preview:-1"},"canonical":"https:\/\/nanoone.ca\/fr\/investors\/analyst-coverage\/","og_locale":"fr_FR","og_type":"article","og_title":"Analyst Coverage | Nano One\u00ae | TSX: NANO | FF: LBMB | OTC: NNOMF","og_description":"Connect with Nano One\u00ae (TSX: NANO | FF: LBMB | OTC: NNOMF) in a city near you! Stay up-to-date on our company's past and upcoming investor events right here.","og_url":"https:\/\/nanoone.ca\/fr\/investors\/analyst-coverage\/","og_site_name":"Nano One\u00ae","article_modified_time":"2024-01-23T20:13:36+00:00","twitter_card":"summary_large_image","twitter_site":"@NanoOne_NANO","schema":{"@context":"https:\/\/schema.org","@graph":[{"@type":"WebPage","@id":"https:\/\/nanoone.ca\/fr\/investors\/analyst-coverage\/","url":"https:\/\/nanoone.ca\/fr\/investors\/analyst-coverage\/","name":"Analyst Coverage | Nano One\u00ae | TSX: NANO | FF: LBMB | OTC: NNOMF","isPartOf":{"@id":"https:\/\/nanoone.ca\/#website"},"datePublished":"2023-11-09T03:08:44+00:00","dateModified":"2024-01-23T20:13:36+00:00","description":"Connect with Nano One\u00ae (TSX: NANO | FF: LBMB | OTC: NNOMF) in a city near you! Stay up-to-date on our company's past and upcoming investor events right here.","breadcrumb":{"@id":"https:\/\/nanoone.ca\/fr\/investors\/analyst-coverage\/#breadcrumb"},"inLanguage":"fr-FR","potentialAction":[{"@type":"ReadAction","target":["https:\/\/nanoone.ca\/fr\/investors\/analyst-coverage\/"]}]},{"@type":"BreadcrumbList","@id":"https:\/\/nanoone.ca\/fr\/investors\/analyst-coverage\/#breadcrumb","itemListElement":[{"@type":"ListItem","position":1,"name":"Home","item":"https:\/\/nanoone.ca\/fr\/"},{"@type":"ListItem","position":2,"name":"Investisseurs\u00a0","item":"https:\/\/nanoone.ca\/fr\/investors\/"},{"@type":"ListItem","position":3,"name":"Analyst Coverage"}]},{"@type":"WebSite","@id":"https:\/\/nanoone.ca\/#website","url":"https:\/\/nanoone.ca\/","name":"Nano One\u00ae","description":"Changing How the World Makes Battery Materials","publisher":{"@id":"https:\/\/nanoone.ca\/#organization"},"alternateName":"Nano One\u00ae","potentialAction":[{"@type":"SearchAction","target":{"@type":"EntryPoint","urlTemplate":"https:\/\/nanoone.ca\/?s={search_term_string}"},"query-input":{"@type":"PropertyValueSpecification","valueRequired":true,"valueName":"search_term_string"}}],"inLanguage":"fr-FR"},{"@type":"Organization","@id":"https:\/\/nanoone.ca\/#organization","name":"Nano One\u00ae","alternateName":"Nano One\u00ae","url":"https:\/\/nanoone.ca\/","logo":{"@type":"ImageObject","inLanguage":"fr-FR","@id":"https:\/\/nanoone.ca\/#\/schema\/logo\/image\/","url":"https:\/\/nanoone.ca\/wp-content\/uploads\/2023\/08\/logo.svg","contentUrl":"https:\/\/nanoone.ca\/wp-content\/uploads\/2023\/08\/logo.svg","width":362,"height":124,"caption":"Nano One\u00ae"},"image":{"@id":"https:\/\/nanoone.ca\/#\/schema\/logo\/image\/"},"sameAs":["https:\/\/x.com\/NanoOne_NANO","https:\/\/www.linkedin.com\/company\/nanoone\/"]}]}},"_links":{"self":[{"href":"https:\/\/nanoone.ca\/fr\/wp-json\/wp\/v2\/pages\/9325","targetHints":{"allow":["GET"]}}],"collection":[{"href":"https:\/\/nanoone.ca\/fr\/wp-json\/wp\/v2\/pages"}],"about":[{"href":"https:\/\/nanoone.ca\/fr\/wp-json\/wp\/v2\/types\/page"}],"author":[{"embeddable":true,"href":"https:\/\/nanoone.ca\/fr\/wp-json\/wp\/v2\/users\/3"}],"replies":[{"embeddable":true,"href":"https:\/\/nanoone.ca\/fr\/wp-json\/wp\/v2\/comments?post=9325"}],"version-history":[{"count":8,"href":"https:\/\/nanoone.ca\/fr\/wp-json\/wp\/v2\/pages\/9325\/revisions"}],"predecessor-version":[{"id":9771,"href":"https:\/\/nanoone.ca\/fr\/wp-json\/wp\/v2\/pages\/9325\/revisions\/9771"}],"up":[{"embeddable":true,"href":"https:\/\/nanoone.ca\/fr\/wp-json\/wp\/v2\/pages\/4222"}],"wp:attachment":[{"href":"https:\/\/nanoone.ca\/fr\/wp-json\/wp\/v2\/media?parent=9325"}],"curies":[{"name":"wp","href":"https:\/\/api.w.org\/{rel}","templated":true}]}}